{"id":1573,"date":"2025-06-11T08:40:35","date_gmt":"2025-06-11T08:40:35","guid":{"rendered":"https:\/\/adultbicycle.com\/?page_id=1573"},"modified":"2025-11-09T07:05:08","modified_gmt":"2025-11-09T07:05:08","slug":"shipping-policy","status":"publish","type":"page","link":"https:\/\/adultbicycle.com\/de\/shipping-policy\/","title":{"rendered":"Versandrichtlinie"},"content":{"rendered":"<h1 class=\"wp-block-heading has-text-align-center\">Versandrichtlinie<\/h1>\n\n\n\n<p><strong>Zuletzt aktualisiert: 9. November 2025<\/strong><\/p>\n\n\n\n<p>Vielen Dank, dass Sie bei Adult Bicycles Online Store eingekauft haben!\nWir legen gro\u00dfen Wert auf einen schnellen, zuverl\u00e4ssigen und transparenten Versand weltweit.\nBitte lesen Sie unsere aktualisierte Versandrichtlinie sorgf\u00e4ltig durch, um sich \u00fcber unseren Lieferprozess, die gesch\u00e4tzten Lieferzeiten, Versandkosten und Zollbestimmungen zu informieren.<\/p>\n\n\n\n<hr class=\"wp-block-separator has-alpha-channel-opacity\"\/>\n\n\n\n<h2 class=\"wp-block-heading\"><strong>1. Versandziele<\/strong><\/h2>\n\n\n\n<p>Wir liefern derzeit in die folgenden Regionen und L\u00e4nder:<\/p>\n\n\n\n<p><strong>Unterst\u00fctzte Regionen<\/strong><\/p>\n\n\n\n<ul class=\"wp-block-list\">\n<li><strong>Nordamerika:<\/strong> Vereinigte Staaten, Kanada<\/li>\n\n\n\n<li><strong>Europa:<\/strong> Vereinigtes K\u00f6nigreich, Deutschland, Frankreich, Italien, Spanien und andere EU-L\u00e4nder<\/li>\n\n\n\n<li><strong>Ozeanien<\/strong> Australien, Neuseeland<\/li>\n<\/ul>\n\n\n\n<p> <strong>Wird derzeit nicht dorthin geliefert<\/strong><\/p>\n\n\n\n<ul class=\"wp-block-list\">\n<li>Afrika<\/li>\n\n\n\n<li>S\u00fcdamerika<\/li>\n\n\n\n<li>Asien<\/li>\n\n\n\n<li>L\u00e4nder oder Regionen, die durch internationale Handelssanktionen eingeschr\u00e4nkt sind<\/li>\n<\/ul>\n\n\n\n<p>Wenn Sie unsicher sind, ob Ihr Land in unserem Verkaufsgebiet enthalten ist, kontaktieren Sie uns bitte.Sollten wir aus logistischen oder rechtlichen Gr\u00fcnden nicht an Ihre Adresse liefern k\u00f6nnen, werden wir Sie umgehend informieren und den vollen Betrag zur\u00fcckerstatten.<\/p>\n\n\n\n<hr class=\"wp-block-separator has-alpha-channel-opacity\"\/>\n\n\n\n<h2 class=\"wp-block-heading\"><strong>2. Bearbeitungszeit der Bestellung<\/strong><\/h2>\n\n\n\n<ul class=\"wp-block-list\">\n<li>Bestellungen werden innerhalb von 1\u20133 Werktagen bearbeitet (Montag bis Freitag, ohne Wochenenden und gesetzliche Feiertage).<\/li>\n\n\n\n<li>W\u00e4hrend Sonderaktionen, Spitzenzeiten oder Feiertagen kann die Bearbeitung bis zu 5 Werktage dauern.<\/li>\n\n\n\n<li>Sie erhalten eine Versandbest\u00e4tigung mit Sendungsverfolgungsinformationen, sobald Ihre Bestellung versandt wurde.<\/li>\n<\/ul>\n\n\n\n<hr class=\"wp-block-separator has-alpha-channel-opacity\"\/>\n\n\n\n<h2 class=\"wp-block-heading\"><strong>3. Gesch\u00e4tzte Lieferzeit &amp; Versandkosten<\/strong><\/h2>\n\n\n\n<p>Lieferzeit und Kosten variieren je nach Region und Versandart.<br>Wir bieten Standardversand (Economy) und Expressversand an.<\/p>\n\n\n\n<figure class=\"wp-block-table\"><table class=\"has-fixed-layout\"><thead><tr><th><strong>Region<\/strong><\/th><th><strong>Standardversand (Economy)<\/strong><\/th><th><strong>Expressversand (Luftfracht)<\/strong><\/th><th><strong>Voraussichtliche Lieferzeit<\/strong><\/th><th><strong>Versandkosten<\/strong><\/th><\/tr><\/thead><tbody><tr><td><strong>Vereinigte Staaten<\/strong><\/td><td>Seefracht (Kostenloser Versand)<\/td><td>Luftfracht (optional). Es fallen zus\u00e4tzliche Geb\u00fchren an.<\/td><td>Standard: 12\u201320 Werktage (Standardversand)\/Express: 5\u20138 Werktage (Expressversand)<\/td><td>\u00dcber 100 $ kostenlos; unter 100 $ 35 $<\/td><\/tr><tr><td><strong>Kanada<\/strong><\/td><td>Seefracht (Kostenloser Versand)<\/td><td>Luftfracht (optional). Es fallen zus\u00e4tzliche Geb\u00fchren an.<\/td><td>14\u201322 Werktage \/ 7\u201312 Werktage<\/td><td>\u00dcber 100 $ kostenlos; unter 100 $ 35 $<\/td><\/tr><tr><td><strong>Vereinigtes K\u00f6nigreich &amp; EU<\/strong><\/td><td>Seefracht (Kostenloser Versand)<\/td><td>Luftfracht (optional). Es fallen zus\u00e4tzliche Geb\u00fchren an.<\/td><td>17\u201327 Werktage \/ 9\u201314 Werktage<\/td><td>\u00dcber 100 \u20ac kostenlos; unter 100 \u20ac 35 \u20ac<\/td><\/tr><tr><td><strong>Australien &amp; Neuseeland<\/strong><\/td><td>Seefracht (Kostenloser Versand)<\/td><td>Luftfracht (optional). Es fallen zus\u00e4tzliche Geb\u00fchren an.<\/td><td>12\u201322 Werktage \/ 7\u201312 Werktage<\/td><td>Ab 150 AUD: kostenlos; unter 150 AUD: 53 AUD<\/td><\/tr><\/tbody><\/table><\/figure>\n\n\n\n<blockquote class=\"wp-block-quote is-layout-flow wp-block-quote-is-layout-flow\">\n<p><em>Alle Zeiten verstehen sich als gesch\u00e4tzte Werktage, ohne Wochenenden und Feiertage.<\/em><\/p>\n<\/blockquote>\n\n\n\n<blockquote class=\"wp-block-quote is-layout-flow wp-block-quote-is-layout-flow\">\n<p> Gro\u00dfe Fahrr\u00e4der werden standardm\u00e4\u00dfig aufgrund von Gr\u00f6\u00dfe und Gewicht per Seefracht verschickt. Kunden k\u00f6nnen ein Upgrade auf Luftfracht gegen Aufpreis anfordern (wird beim Checkout berechnet).<\/p>\n<\/blockquote>\n\n\n\n<hr class=\"wp-block-separator has-alpha-channel-opacity\"\/>\n\n\n\n<h2 class=\"wp-block-heading\"><strong>4. Kostenlose Versandrichtlinie<\/strong><\/h2>\n\n\n\n<p>Wir bieten kostenlosen Standardversand f\u00fcr Bestellungen an, die die Mindestbestellmenge erf\u00fcllen (siehe Tabelle oben).<br>Kostenloser Versand ist nur in den in Abschnitt 1 aufgef\u00fchrten Regionen verf\u00fcgbar.<br>Express- oder Schnellversand verursacht zus\u00e4tzliche Geb\u00fchren, unabh\u00e4ngig vom Bestellwert.<\/p>\n\n\n\n<hr class=\"wp-block-separator has-alpha-channel-opacity\"\/>\n\n\n\n<h2 class=\"wp-block-heading\"><strong>5. Ihre Bestellung verfolgen<\/strong><\/h2>\n\n\n\n<ul class=\"wp-block-list\">\n<li>Sobald Ihre Bestellung versendet wurde, erhalten Sie die Sendungsverfolgungsnummer per E-Mail.<\/li>\n\n\n\n<li>Bitte rechnen Sie damit, dass es bis zu 72 Stunden dauern kann, bis der Tracking-Link nach dem Versand aktualisiert wird.<\/li>\n\n\n\n<li>Sie k\u00f6nnen Ihre Bestellung direkt \u00fcber unsere Webseite oder das Tracking-Portal des Versandunternehmens verfolgen.<\/li>\n\n\n\n<li>Wenn Sie nach dem Versand keine Sendungsverfolgungsnummer erhalten haben, kontaktieren Sie uns bitte unter <a>contact@adultbicycle.com<\/a>.<\/li>\n<\/ul>\n\n\n\n<hr class=\"wp-block-separator has-alpha-channel-opacity\"\/>\n\n\n\n<h2 class=\"wp-block-heading\"><strong>6. Zoll, Abgaben &amp; Steuern<\/strong><\/h2>\n\n\n\n<p>Z\u00f6lle und Einfuhrsteuern sind in unseren Produktpreisen oder Versandkosten nicht enthalten. Sie k\u00f6nnen diese Geb\u00fchren beim Bezahlvorgang einsehen und bezahlen.<\/p>\n\n\n\n<hr class=\"wp-block-separator has-alpha-channel-opacity\"\/>\n\n\n\n<h2 class=\"wp-block-heading\"><strong>7. Versandverz\u00f6gerungen<\/strong><\/h2>\n\n\n\n<p>Obwohl wir Ihre Bestellung so schnell wie m\u00f6glich liefern m\u00f6chten, k\u00f6nnen bestimmte Faktoren zu Verz\u00f6gerungen f\u00fchren:<\/p>\n\n\n\n<ul class=\"wp-block-list\">\n<li>Feiertage<\/li>\n\n\n\n<li>Naturkatastrophen oder extremes Wetter<\/li>\n\n\n\n<li>Zollkontrollen<\/li>\n\n\n\n<li>Tr\u00e4gerst\u00f6rungen oder Streiks<\/li>\n<\/ul>\n\n\n\n<p>Wir \u00fcbernehmen keine Verantwortung f\u00fcr Verz\u00f6gerungen, die durch Drittanbieter oder den Zoll verursacht werden, aber wir unterst\u00fctzen Sie dabei, alle Probleme so schnell wie m\u00f6glich zu l\u00f6sen.<\/p>\n\n\n\n<hr class=\"wp-block-separator has-alpha-channel-opacity\"\/>\n\n\n\n<h2 class=\"wp-block-heading\"><strong>8. Verlorene oder gestohlene Pakete<\/strong><\/h2>\n\n\n\n<p>Wenn Ihr Paket als \u201aZugestellt\u2018 angezeigt wird, Sie es aber noch nicht erhalten haben:<\/p>\n\n\n\n<ol class=\"wp-block-list\">\n<li>Schauen Sie sich Ihr Grundst\u00fcck an und fragen Sie auch Ihre Nachbarn.<\/li>\n\n\n\n<li>Wenden Sie sich an den \u00f6rtlichen Lieferdienst.<\/li>\n\n\n\n<li>Wenn das Problem weiterhin besteht, senden Sie bitte eine E-Mail an <a>contact@adultbicycle.com<\/a>.<\/li>\n<\/ol>\n\n\n\n<blockquote class=\"wp-block-quote is-layout-flow wp-block-quote-is-layout-flow\">\n<p>Bitte beachten Sie: Wir \u00fcbernehmen keine Verantwortung f\u00fcr Pakete, die nach best\u00e4tigter Lieferung verloren gehen oder gestohlen werden. Wir werden jedoch unser Bestes tun, um bei der Suche zu helfen oder eine Reklamation einzureichen.<\/p>\n<\/blockquote>\n\n\n\n<hr class=\"wp-block-separator has-alpha-channel-opacity\"\/>\n\n\n\n<h2 class=\"wp-block-heading\"><strong>9. Falsche Lieferadresse<\/strong><\/h2>\n\n\n\n<p>Bitte \u00fcberpr\u00fcfen Sie Ihre Lieferadresse sorgf\u00e4ltig, bevor Sie Ihre Bestellung best\u00e4tigen.<br>If you entered an incorrect address:<\/p>\n\n\n\n<ul class=\"wp-block-list\">\n<li>Bitte kontaktieren Sie uns umgehend (innerhalb von 12 Stunden), um dies vor dem Versand zu korrigieren.<\/li>\n\n\n\n<li>Wenn die Bestellung bereits versandt wurde, k\u00f6nnen wir eine Umleitung oder R\u00fcckerstattung bei falscher Adresse nicht garantieren.<\/li>\n<\/ul>\n\n\n\n<hr class=\"wp-block-separator has-alpha-channel-opacity\"\/>\n\n\n\n<h2 class=\"wp-block-heading\"><strong>10. Kontakt<\/strong><\/h2>\n\n\n\n<p>Wenn Sie Fragen zum Versand, zur Sendungsverfolgung oder zur Lieferung haben:<\/p>\n\n\n\n<ul class=\"wp-block-list\">\n<li>E-Mail: <strong><a>contact@adultbicycle.com<\/a><\/strong><\/li>\n\n\n\n<li>Kundendienst: 24 Stunden, 7 Tage die Woche<\/li>\n<\/ul>\n\n\n\n<hr class=\"wp-block-separator has-alpha-channel-opacity\"\/>\n\n\n\n<h2 class=\"wp-block-heading\"><strong>11. Aktualisierung der Richtlinien<\/strong><\/h2>\n\n\n\n<p>Wir k\u00f6nnen diese Versandrichtlinie regelm\u00e4\u00dfig aktualisieren. Alle \u00c4nderungen werden auf dieser Seite mit dem aktualisierten Datum \u201eZuletzt aktualisiert\u201c ver\u00f6ffentlicht.<br>Wir k\u00f6nnen diese Versandrichtlinie regelm\u00e4\u00dfig aktualisieren. Alle \u00c4nderungen werden auf dieser Seite mit dem aktualisierten Datum \u201eZuletzt aktualisiert\u201c ver\u00f6ffentlicht.<\/p>","protected":false},"excerpt":{"rendered":"<p>Shipping Policy Last Updated: November 9, 2025 Thank you for shopping with Adult Bicycles Online Store! We are committed to providing fast, reliable, and transparent&#8230;<\/p>","protected":false},"author":1,"featured_media":0,"parent":0,"menu_order":0,"comment_status":"closed","ping_status":"closed","template":"","meta":{"footnotes":""},"class_list":["post-1573","page","type-page","status-publish","hentry"],"_links":{"self":[{"href":"https:\/\/adultbicycle.com\/de\/wp-json\/wp\/v2\/pages\/1573","targetHints":{"allow":["GET"]}}],"collection":[{"href":"https:\/\/adultbicycle.com\/de\/wp-json\/wp\/v2\/pages"}],"about":[{"href":"https:\/\/adultbicycle.com\/de\/wp-json\/wp\/v2\/types\/page"}],"author":[{"embeddable":true,"href":"https:\/\/adultbicycle.com\/de\/wp-json\/wp\/v2\/users\/1"}],"replies":[{"embeddable":true,"href":"https:\/\/adultbicycle.com\/de\/wp-json\/wp\/v2\/comments?post=1573"}],"version-history":[{"count":0,"href":"https:\/\/adultbicycle.com\/de\/wp-json\/wp\/v2\/pages\/1573\/revisions"}],"wp:attachment":[{"href":"https:\/\/adultbicycle.com\/de\/wp-json\/wp\/v2\/media?parent=1573"}],"curies":[{"name":"wp","href":"https:\/\/api.w.org\/{rel}","templated":true}]}}