{"id":189,"date":"2025-05-02T08:29:00","date_gmt":"2025-05-02T08:29:00","guid":{"rendered":"https:\/\/adultbicycle.com\/?page_id=189"},"modified":"2025-11-08T04:42:32","modified_gmt":"2025-11-08T04:42:32","slug":"contact-us","status":"publish","type":"page","link":"https:\/\/adultbicycle.com\/de\/contact-us\/","title":{"rendered":"Kontakt"},"content":{"rendered":"<div data-elementor-type=\"wp-page\" data-elementor-id=\"189\" class=\"elementor elementor-189\" data-elementor-post-type=\"page\">\n\t\t\t\t<div class=\"elementor-element elementor-element-5d090c8 e-flex e-con-boxed e-con e-parent\" data-id=\"5d090c8\" data-element_type=\"container\">\n\t\t\t\t\t<div class=\"e-con-inner\">\n\t\t<div class=\"elementor-element elementor-element-e87ca62 e-con-full e-flex e-con e-child\" data-id=\"e87ca62\" data-element_type=\"container\">\n\t\t\t\t<div class=\"elementor-element elementor-element-43a9fde elementor-widget elementor-widget-heading\" data-id=\"43a9fde\" data-element_type=\"widget\" data-widget_type=\"heading.default\">\n\t\t\t\t<div class=\"elementor-widget-container\">\n\t\t\t\t\t<h2 class=\"elementor-heading-title elementor-size-default\">Kontakt<\/h2>\t\t\t\t<\/div>\n\t\t\t\t<\/div>\n\t\t\t\t<div class=\"elementor-element elementor-element-696fad8 elementor-widget elementor-widget-text-editor\" data-id=\"696fad8\" data-element_type=\"widget\" data-widget_type=\"text-editor.default\">\n\t\t\t\t<div class=\"elementor-widget-container\">\n\t\t\t\t\t\t\t\t\t<p>Bitte \u00fcbermitteln Sie das Problem, das Sie haben, an unser Serviceteam. Je mehr Informationen Sie angeben, desto schneller k\u00f6nnen wir Ihre Anfrage bearbeiten. Wir melden uns so schnell wie m\u00f6glich bei Ihnen.<\/p>\t\t\t\t\t\t\t\t<\/div>\n\t\t\t\t<\/div>\n\t\t\t\t<\/div>\n\t\t\t\t\t<\/div>\n\t\t\t\t<\/div>\n\t\t<div class=\"elementor-element elementor-element-5187d8b e-flex e-con-boxed e-con e-parent\" data-id=\"5187d8b\" data-element_type=\"container\" data-settings=\"{&quot;background_background&quot;:&quot;classic&quot;}\">\n\t\t\t\t\t<div class=\"e-con-inner\">\n\t\t<div class=\"elementor-element elementor-element-f8ee1a7 e-con-full e-flex e-con e-child\" data-id=\"f8ee1a7\" data-element_type=\"container\">\n\t\t\t\t<div class=\"elementor-element elementor-element-8a4f404 elementor-widget elementor-widget-heading\" data-id=\"8a4f404\" data-element_type=\"widget\" data-widget_type=\"heading.default\">\n\t\t\t\t<div class=\"elementor-widget-container\">\n\t\t\t\t\t<h2 class=\"elementor-heading-title elementor-size-default\">Nachricht hinterlassen<\/h2>\t\t\t\t<\/div>\n\t\t\t\t<\/div>\n\t\t\t\t<div class=\"elementor-element elementor-element-74a1620 etheme-contact-form-7-button-custom elementor-widget elementor-widget-et-contact-form-7\" data-id=\"74a1620\" data-element_type=\"widget\" data-widget_type=\"et-contact-form-7.default\">\n\t\t\t\t<div class=\"elementor-widget-container\">\n\t\t\t\t\t                <div class=\"pp-contact-form etheme-contact-form-7 placeholder-show\">\n                                        \n<div class=\"wpcf7 no-js\" id=\"wpcf7-f103-o1\" lang=\"en-GB\" dir=\"ltr\" data-wpcf7-id=\"103\">\n<div class=\"screen-reader-response\"><p role=\"status\" aria-live=\"polite\" aria-atomic=\"true\"><\/p> <ul><\/ul><\/div>\n<form action=\"\/de\/wp-json\/wp\/v2\/pages\/189#wpcf7-f103-o1\" method=\"post\" class=\"wpcf7-form init\" aria-label=\"Contact form\" novalidate=\"novalidate\" data-status=\"init\" data-trp-original-action=\"\/de\/wp-json\/wp\/v2\/pages\/189#wpcf7-f103-o1\">\n<fieldset class=\"hidden-fields-container\"><input type=\"hidden\" name=\"_wpcf7\" value=\"103\" \/><input type=\"hidden\" name=\"_wpcf7_version\" value=\"6.1.3\" \/><input type=\"hidden\" name=\"_wpcf7_locale\" value=\"en_GB\" \/><input type=\"hidden\" name=\"_wpcf7_unit_tag\" value=\"wpcf7-f103-o1\" \/><input type=\"hidden\" name=\"_wpcf7_container_post\" value=\"0\" \/><input type=\"hidden\" name=\"_wpcf7_posted_data_hash\" value=\"\" \/><input type=\"hidden\" name=\"_wpcf7_recaptcha_response\" value=\"\" \/>\n<\/fieldset>\n<p><label> Ihr Name<br \/>\n<span class=\"wpcf7-form-control-wrap\" data-name=\"your-name\"><input size=\"40\" maxlength=\"400\" class=\"wpcf7-form-control wpcf7-text wpcf7-validates-as-required\" autocomplete=\"name\" aria-required=\"true\" aria-invalid=\"false\" value=\"\" type=\"text\" name=\"your-name\" \/><\/span> <\/label>\n<\/p>\n<p><label> Ihre E-Mail<br \/>\n<span class=\"wpcf7-form-control-wrap\" data-name=\"your-email\"><input size=\"40\" maxlength=\"400\" class=\"wpcf7-form-control wpcf7-email wpcf7-validates-as-required wpcf7-text wpcf7-validates-as-email\" autocomplete=\"email\" aria-required=\"true\" aria-invalid=\"false\" value=\"\" type=\"email\" name=\"your-email\" \/><\/span> <\/label>\n<\/p>\n<p><label> Betreff<br \/>\n<span class=\"wpcf7-form-control-wrap\" data-name=\"your-subject\"><input size=\"40\" maxlength=\"400\" class=\"wpcf7-form-control wpcf7-text wpcf7-validates-as-required\" aria-required=\"true\" aria-invalid=\"false\" value=\"\" type=\"text\" name=\"your-subject\" \/><\/span> <\/label>\n<\/p>\n<p><label> Ihre Nachricht (optional)<br \/>\n<span class=\"wpcf7-form-control-wrap\" data-name=\"your-message\"><textarea cols=\"40\" rows=\"10\" maxlength=\"2000\" class=\"wpcf7-form-control wpcf7-textarea\" aria-invalid=\"false\" name=\"your-message\"><\/textarea><\/span> <\/label>\n<\/p>\n<p><input class=\"wpcf7-form-control wpcf7-submit has-spinner\" type=\"submit\" value=\"Absenden\" \/>\n<\/p><input type=\"hidden\" id=\"hostbox_recaptcha_nonce\" name=\"hostbox_recaptcha_nonce\" value=\"e5ba9ba7ea\" \/><input type=\"hidden\" name=\"_wp_http_referer\" value=\"\/de\/wp-json\/wp\/v2\/pages\/189\" \/><input type=\"hidden\" name=\"recaptcha_response\" class=\"recaptcha-v3-response\" value=\"\"><div class=\"wpcf7-response-output\" aria-hidden=\"true\"><\/div>\n<input type=\"hidden\" name=\"trp-form-language\" value=\"de\"\/><\/form>\n<\/div>\n                <\/div>\n                \t\t\t\t<\/div>\n\t\t\t\t<\/div>\n\t\t\t\t<\/div>\n\t\t<div class=\"elementor-element elementor-element-e26f6e3 e-con-full e-flex e-con e-child\" data-id=\"e26f6e3\" data-element_type=\"container\">\n\t\t\t\t<div class=\"elementor-element elementor-element-b8ae025 elementor-widget elementor-widget-heading\" data-id=\"b8ae025\" data-element_type=\"widget\" data-widget_type=\"heading.default\">\n\t\t\t\t<div class=\"elementor-widget-container\">\n\t\t\t\t\t<h2 class=\"elementor-heading-title elementor-size-default\">Unsere Adresse<\/h2>\t\t\t\t<\/div>\n\t\t\t\t<\/div>\n\t\t\t\t<div class=\"elementor-element elementor-element-89a0625 elementor-widget elementor-widget-text-editor\" data-id=\"89a0625\" data-element_type=\"widget\" data-widget_type=\"text-editor.default\">\n\t\t\t\t<div class=\"elementor-widget-container\">\n\t\t\t\t\t\t\t\t\t<p>Kangzhuang Road, Industriegebiet Huangtang, Stadt Neikeng, Stadt Jinjiang, Provinz Fujian, China<\/p>\t\t\t\t\t\t\t\t<\/div>\n\t\t\t\t<\/div>\n\t\t\t\t<div class=\"elementor-element elementor-element-3859326 elementor-widget elementor-widget-heading\" data-id=\"3859326\" data-element_type=\"widget\" data-widget_type=\"heading.default\">\n\t\t\t\t<div class=\"elementor-widget-container\">\n\t\t\t\t\t<h2 class=\"elementor-heading-title elementor-size-default\">Kontakt aufnehmen<\/h2>\t\t\t\t<\/div>\n\t\t\t\t<\/div>\n\t\t\t\t<div class=\"elementor-element elementor-element-32a9070 elementor-align-left elementor-widget elementor-widget-etheme_icon_box\" data-id=\"32a9070\" data-element_type=\"widget\" data-settings=\"{&quot;icon_type&quot;:&quot;image&quot;}\" data-widget_type=\"etheme_icon_box.default\">\n\t\t\t\t<div class=\"elementor-widget-container\">\n\t\t\t\t\t\t\t\t<div class=\"etheme-icon-box etheme-icon-box-icon-position-left\">\n        \n                            \n                <div class=\"etheme-icon-box-icon etheme-icon-box-icon-type-image\">\n        \n                        \n                <\/div>\n            \n                <div class=\"etheme-icon-box-content\">\n\t\t\n                                        \n                                            <h3 class=\"etheme-icon-box-title\">\n                            <span>F\u00fcr Support:<\/span>\n                        <\/h3>\n                    \t\t\n                                            <p class=\"etheme-icon-box-description\">\n                            (+44)7927352787 OR (+852) 67941725                        <\/p>\n                    \n                            \n                <\/div>\n\t\t\t<\/div>\n\t\t\t\t\t\t<\/div>\n\t\t\t\t<\/div>\n\t\t\t\t<div class=\"elementor-element elementor-element-3cf7ea6 elementor-align-left elementor-widget elementor-widget-etheme_icon_box\" data-id=\"3cf7ea6\" data-element_type=\"widget\" data-settings=\"{&quot;icon_type&quot;:&quot;image&quot;}\" data-widget_type=\"etheme_icon_box.default\">\n\t\t\t\t<div class=\"elementor-widget-container\">\n\t\t\t\t\t\t\t\t<div class=\"etheme-icon-box etheme-icon-box-icon-position-left\">\n        \n                            \n                <div class=\"etheme-icon-box-icon etheme-icon-box-icon-type-image\">\n        \n                        \n                <\/div>\n            \n                <div class=\"etheme-icon-box-content\">\n\t\t\n                                        \n                                            <h3 class=\"etheme-icon-box-title\">\n                            <span>E-Mail-Adresse :<\/span>\n                        <\/h3>\n                    \t\t\n                                            <p class=\"etheme-icon-box-description\">\n                            contact@adultbicycle.com                        <\/p>\n                    \n                            \n                <\/div>\n\t\t\t<\/div>\n\t\t\t\t\t\t<\/div>\n\t\t\t\t<\/div>\n\t\t\t\t<\/div>\n\t\t\t\t\t<\/div>\n\t\t\t\t<\/div>\n\t\t\t\t<\/div>","protected":false},"excerpt":{"rendered":"<p>Contact Us Submit the problem you are experiencing to our service team, please note that the more information you provide, the quicker we will be&#8230;<\/p>","protected":false},"author":1,"featured_media":0,"parent":0,"menu_order":0,"comment_status":"closed","ping_status":"closed","template":"","meta":{"footnotes":""},"class_list":["post-189","page","type-page","status-publish","hentry"],"_links":{"self":[{"href":"https:\/\/adultbicycle.com\/de\/wp-json\/wp\/v2\/pages\/189","targetHints":{"allow":["GET"]}}],"collection":[{"href":"https:\/\/adultbicycle.com\/de\/wp-json\/wp\/v2\/pages"}],"about":[{"href":"https:\/\/adultbicycle.com\/de\/wp-json\/wp\/v2\/types\/page"}],"author":[{"embeddable":true,"href":"https:\/\/adultbicycle.com\/de\/wp-json\/wp\/v2\/users\/1"}],"replies":[{"embeddable":true,"href":"https:\/\/adultbicycle.com\/de\/wp-json\/wp\/v2\/comments?post=189"}],"version-history":[{"count":0,"href":"https:\/\/adultbicycle.com\/de\/wp-json\/wp\/v2\/pages\/189\/revisions"}],"wp:attachment":[{"href":"https:\/\/adultbicycle.com\/de\/wp-json\/wp\/v2\/media?parent=189"}],"curies":[{"name":"wp","href":"https:\/\/api.w.org\/{rel}","templated":true}]}}