{"id":1535,"date":"2025-06-11T04:11:20","date_gmt":"2025-06-11T04:11:20","guid":{"rendered":"https:\/\/adultbicycle.com\/?page_id=1535"},"modified":"2025-09-26T14:10:50","modified_gmt":"2025-09-26T14:10:50","slug":"terms-and-conditions","status":"publish","type":"page","link":"https:\/\/adultbicycle.com\/es\/terms-and-conditions\/","title":{"rendered":"T\u00e9rminos y Condiciones"},"content":{"rendered":"<h1 class=\"wp-block-heading has-text-align-center\">T\u00e9rminos y Condiciones<\/h1>\n\n\n\n<p><strong>\u00daltima actualizaci\u00f3n: 11 de junio de 2025<\/strong><\/p>\n\n\n\n<p>Estos T\u00e9rminos y Condiciones (\u00ab T\u00e9rminos \u00bb) regulan su acceso y uso del sitio web. <strong>adultbicycle.com<\/strong> (\u00ab Sitio \u00bb), operado por Sweet Circle LLC (\u00ab nosotros \u00bb, \u00ab nuestro \u00bb o \u00ab nos \u00bb). Al acceder o utilizar nuestro Sitio, usted acepta cumplir con estos T\u00e9rminos. Por favor, lea cuidadosamente estos T\u00e9rminos antes de usar nuestros servicios.<\/p>\n\n\n\n<hr class=\"wp-block-separator has-alpha-channel-opacity\"\/>\n\n\n\n<h2 class=\"wp-block-heading\"><strong>1. Aceptaci\u00f3n de los t\u00e9rminos<\/strong><\/h2>\n\n\n\n<p>Al acceder y utilizar nuestro sitio, usted acepta estar sujeto a estos T\u00e9rminos, incluida nuestra Pol\u00edtica de Privacidad. Si no est\u00e1 de acuerdo con estos T\u00e9rminos, no debe utilizar nuestro sitio.<\/p>\n\n\n\n<p>Podemos actualizar o modificar estos T\u00e9rminos en cualquier momento, y los cambios se publicar\u00e1n en esta p\u00e1gina. El uso continuado del Sitio despu\u00e9s de la publicaci\u00f3n de los cambios constituye su aceptaci\u00f3n de los T\u00e9rminos actualizados.<\/p>\n\n\n\n<hr class=\"wp-block-separator has-alpha-channel-opacity\"\/>\n\n\n\n<h2 class=\"wp-block-heading\"><strong>2. Requisitos de elegibilidad<\/strong><\/h2>\n\n\n\n<p>Debe tener al menos 18 a\u00f1os para utilizar nuestro sitio y nuestros servicios. Al utilizar este sitio, usted declara y garantiza que tiene al menos 18 a\u00f1os y la capacidad legal para celebrar un contrato vinculante.<\/p>\n\n\n\n<hr class=\"wp-block-separator has-alpha-channel-opacity\"\/>\n\n\n\n<h2 class=\"wp-block-heading\"><strong>3. Uso del sitio web<\/strong><\/h2>\n\n\n\n<p>Usted acepta utilizar nuestro sitio \u00fanicamente con fines legales y de conformidad con estos T\u00e9rminos. Usted se compromete a no:<\/p>\n\n\n\n<ul class=\"wp-block-list\">\n<li>Violar cualquier ley o normativa aplicable.<\/li>\n\n\n\n<li>Participar en cualquier actividad fraudulenta.<\/li>\n\n\n\n<li>Utilizar el sitio para transmitir contenido da\u00f1ino, difamatorio o abusivo.<\/li>\n\n\n\n<li>Interferir con o alterar la seguridad o el funcionamiento del Sitio.<\/li>\n<\/ul>\n\n\n\n<p>Nos reservamos el derecho de suspender o cancelar su acceso al Sitio en cualquier momento si determinamos, a nuestra exclusiva discreci\u00f3n, que ha violado estos T\u00e9rminos.<\/p>\n\n\n\n<hr class=\"wp-block-separator has-alpha-channel-opacity\"\/>\n\n\n\n<h2 class=\"wp-block-heading\"><strong>4. Propiedad intelectual<\/strong><\/h2>\n\n\n\n<p>Todo el contenido de este sitio, incluidos, entre otros, textos, gr\u00e1ficos, logotipos, im\u00e1genes, v\u00eddeos, software y dise\u00f1os, es propiedad de Sweet Circle LLC o de sus licenciantes y est\u00e1 protegido por derechos de autor, marcas comerciales y otras leyes de propiedad intelectual.<\/p>\n\n\n\n<p>Se le concede una licencia limitada, no exclusiva y no transferible para utilizar el Sitio \u00fanicamente con fines personales y no comerciales. No puede copiar, reproducir, distribuir ni utilizar de otra manera ning\u00fan contenido del Sitio sin nuestro permiso expreso por escrito.<\/p>\n\n\n\n<hr class=\"wp-block-separator has-alpha-channel-opacity\"\/>\n\n\n\n<h2 class=\"wp-block-heading\"><strong>5. Informaci\u00f3n del producto y disponibilidad<\/strong><\/h2>\n\n\n\n<p>Nos esforzamos por proporcionar informaci\u00f3n precisa y actualizada sobre los productos en nuestro sitio. Sin embargo, no garantizamos que las descripciones, im\u00e1genes u otros contenidos relacionados con los productos sean siempre exactos, completos, fiables o est\u00e9n libres de errores.<\/p>\n\n\n\n<p>Todos los productos est\u00e1n sujetos a disponibilidad. Si un art\u00edculo est\u00e1 agotado o no disponible, le informaremos lo antes posible y le ofreceremos opciones de reembolso o cambio.<\/p>\n\n\n\n<hr class=\"wp-block-separator has-alpha-channel-opacity\"\/>\n\n\n\n<h2 class=\"wp-block-heading\"><strong>6. Precios y Pago<\/strong><\/h2>\n\n\n\n<p>Los precios en el sitio se muestran en la moneda correspondiente a su regi\u00f3n y pueden estar sujetos a impuestos y gastos de env\u00edo. Todos los pagos se procesan de forma segura a trav\u00e9s de un proveedor de pagos externo.<\/p>\n\n\n\n<p>Aceptamos varios m\u00e9todos de pago, incluidas las tarjetas de cr\u00e9dito y PayPal. Usted acepta proporcionar informaci\u00f3n de pago precisa y completa al realizar una compra y nos autoriza a cargar el m\u00e9todo de pago que haya proporcionado por cualquier producto o servicio solicitado.<\/p>\n\n\n\n<hr class=\"wp-block-separator has-alpha-channel-opacity\"\/>\n\n\n\n<h2 class=\"wp-block-heading\"><strong>7. Confirmaci\u00f3n del pedido y env\u00edo<\/strong><\/h2>\n\n\n\n<p>Una vez que realice su pedido, recibir\u00e1 un correo electr\u00f3nico confirmando su compra. Haremos todo lo posible para enviar su pedido con rapidez. Los plazos de entrega pueden variar seg\u00fan su ubicaci\u00f3n, y en los pedidos internacionales pueden aplicarse derechos de aduana o impuestos adicionales.<\/p>\n\n\n\n<p>No nos hacemos responsables de los retrasos ocasionados por transportistas externos, aduanas o circunstancias imprevistas.<\/p>\n\n\n\n<hr class=\"wp-block-separator has-alpha-channel-opacity\"\/>\n\n\n\n<h2 class=\"wp-block-heading\"><strong>8. Devoluciones y Reembolsos<\/strong><\/h2>\n\n\n\n<p>Nuestra pol\u00edtica de devoluciones y reembolsos explica los procedimientos para devolver productos y obtener reembolsos. Al comprar productos en nuestro sitio, usted acepta los t\u00e9rminos de nuestra pol\u00edtica. <strong><a href=\"https:\/\/adultbicycle.com\/es\/return-refund-policy\/\" target=\"_blank\" rel=\"noreferrer noopener\"><mark style=\"background-color:rgba(0, 0, 0, 0)\" class=\"has-inline-color has-vivid-cyan-blue-color\">Pol\u00edtica de devoluciones y reembolsos<\/mark><\/a><\/strong>, que se puede encontrar aqu\u00ed.<\/p>\n\n\n\n<p>Por favor, aseg\u00farese de revisar las instrucciones de devoluci\u00f3n y la elegibilidad antes de iniciar una solicitud de devoluci\u00f3n o reembolso.<\/p>\n\n\n\n<hr class=\"wp-block-separator has-alpha-channel-opacity\"\/>\n\n\n\n<h2 class=\"wp-block-heading\"><strong>9. Limitaci\u00f3n de responsabilidad<\/strong><\/h2>\n\n\n\n<p>En la m\u00e1xima medida permitida por la ley, no seremos responsables de ning\u00fan da\u00f1o indirecto, incidental, especial o consecuente, incluidos, entre otros, la p\u00e9rdida de beneficios, p\u00e9rdida de datos o p\u00e9rdida de negocios, que surjan de su uso del sitio o de la compra de productos, incluso si hemos sido advertidos de la posibilidad de tales da\u00f1os.<\/p>\n\n\n\n<p>Nuestra responsabilidad total por cualquier reclamaci\u00f3n relacionada con estos T\u00e9rminos o con el uso del Sitio no exceder\u00e1 el importe que haya pagado por el producto o servicio en cuesti\u00f3n.<\/p>\n\n\n\n<hr class=\"wp-block-separator has-alpha-channel-opacity\"\/>\n\n\n\n<h2 class=\"wp-block-heading\"><strong>10. Indemnizaci\u00f3n<\/strong><\/h2>\n\n\n\n<p>Usted acepta indemnizar y eximir de responsabilidad a Sweet Circle LLC, sus afiliados, directivos, funcionarios, empleados, agentes y socios por cualquier reclamaci\u00f3n, da\u00f1o, p\u00e9rdida o gasto (incluidos los honorarios legales) que surjan de su uso del Sitio, de su incumplimiento de estos T\u00e9rminos o de su violaci\u00f3n de los derechos de un tercero.<\/p>\n\n\n\n<hr class=\"wp-block-separator has-alpha-channel-opacity\"\/>\n\n\n\n<h2 class=\"wp-block-heading\"><strong>11. Pol\u00edtica de privacidad<\/strong><\/h2>\n\n\n\n<p>El uso del sitio tambi\u00e9n se rige por nuestras<strong> <\/strong>Pol\u00edtica de privacidad, que describe c\u00f3mo recopilamos, usamos y protegemos su informaci\u00f3n personal. Puede consultar nuestra <a href=\"https:\/\/adultbicycle.com\/es\/privacy-policy\/\" target=\"_blank\" rel=\"noreferrer noopener\"><mark style=\"background-color:rgba(0, 0, 0, 0)\" class=\"has-inline-color has-vivid-cyan-blue-color\">Pol\u00edtica de privacidad<\/mark><\/a> aqu\u00ed<\/p>\n\n\n\n<hr class=\"wp-block-separator has-alpha-channel-opacity\"\/>\n\n\n\n<h2 class=\"wp-block-heading\"><strong>12. Ley aplicable y resoluci\u00f3n de disputas<\/strong><\/h2>\n\n\n\n<p>Estos t\u00e9rminos se regir\u00e1n e interpretar\u00e1n de acuerdo con las leyes locales de la empresa. Cualquier disputa que surja de o est\u00e9 relacionada con estos t\u00e9rminos o con el uso del sitio estar\u00e1 sujeta a la jurisdicci\u00f3n exclusiva de los tribunales ubicados en nuestra \u00e1rea local.<\/p>\n\n\n\n<hr class=\"wp-block-separator has-alpha-channel-opacity\"\/>\n\n\n\n<h2 class=\"wp-block-heading\"><strong>13. Fuerza mayor<\/strong><\/h2>\n\n\n\n<p>No seremos responsables de ning\u00fan incumplimiento o retraso en el cumplimiento de nuestras obligaciones bajo estos T\u00e9rminos debido a causas fuera de nuestro control razonable, incluyendo, pero no limitado a, actos de Dios, desastres naturales, guerra, disturbios civiles o interrupciones en nuestra cadena de suministro.<\/p>\n\n\n\n<hr class=\"wp-block-separator has-alpha-channel-opacity\"\/>\n\n\n\n<h2 class=\"wp-block-heading\"><strong>14. Cl\u00e1usula de divisibilidad<\/strong><\/h2>\n\n\n\n<p>Si alguna disposici\u00f3n de estos T\u00e9rminos se considera inv\u00e1lida, ilegal o inaplicable, las disposiciones restantes continuar\u00e1n en pleno vigor y efecto.<\/p>\n\n\n\n<hr class=\"wp-block-separator has-alpha-channel-opacity\"\/>\n\n\n\n<h2 class=\"wp-block-heading\"><strong>15. Contacto<\/strong><\/h2>\n\n\n\n<p>Si tiene alguna pregunta o inquietud sobre estos t\u00e9rminos, por favor cont\u00e1ctenos en:<\/p>\n\n\n\n<p><strong>Adult Bicycles Online Store<\/strong><br>Entidad jur\u00eddica: Sweet Circle LLC<br>Domicilio social: Huangtang Industrial Zone, Neikeng Town, Jinjiang City, Fujian Province, China<br>Correo electr\u00f3nico: <a>contact@adultbicycle.com<\/a><\/p>","protected":false},"excerpt":{"rendered":"<p>Terms and Conditions Last Updated: [June 11, 2025] These Terms and Conditions (&#8220;Terms&#8221;) govern your access to and use of the website adultbicycle.com (&#8220;Site&#8221;), operated&#8230;<\/p>","protected":false},"author":1,"featured_media":0,"parent":0,"menu_order":0,"comment_status":"closed","ping_status":"closed","template":"","meta":{"footnotes":""},"class_list":["post-1535","page","type-page","status-publish","hentry"],"_links":{"self":[{"href":"https:\/\/adultbicycle.com\/es\/wp-json\/wp\/v2\/pages\/1535","targetHints":{"allow":["GET"]}}],"collection":[{"href":"https:\/\/adultbicycle.com\/es\/wp-json\/wp\/v2\/pages"}],"about":[{"href":"https:\/\/adultbicycle.com\/es\/wp-json\/wp\/v2\/types\/page"}],"author":[{"embeddable":true,"href":"https:\/\/adultbicycle.com\/es\/wp-json\/wp\/v2\/users\/1"}],"replies":[{"embeddable":true,"href":"https:\/\/adultbicycle.com\/es\/wp-json\/wp\/v2\/comments?post=1535"}],"version-history":[{"count":0,"href":"https:\/\/adultbicycle.com\/es\/wp-json\/wp\/v2\/pages\/1535\/revisions"}],"wp:attachment":[{"href":"https:\/\/adultbicycle.com\/es\/wp-json\/wp\/v2\/media?parent=1535"}],"curies":[{"name":"wp","href":"https:\/\/api.w.org\/{rel}","templated":true}]}}