{"id":187,"date":"2025-05-02T08:28:29","date_gmt":"2025-05-02T08:28:29","guid":{"rendered":"https:\/\/adultbicycle.com\/?page_id=187"},"modified":"2025-09-28T13:46:58","modified_gmt":"2025-09-28T13:46:58","slug":"about-us","status":"publish","type":"page","link":"https:\/\/adultbicycle.com\/es\/about-us\/","title":{"rendered":"Sobre nosotros"},"content":{"rendered":"<div data-elementor-type=\"wp-page\" data-elementor-id=\"187\" class=\"elementor elementor-187\" data-elementor-post-type=\"page\">\n\t\t\t\t<div class=\"elementor-element elementor-element-b214d93 e-flex e-con-boxed e-con e-parent\" data-id=\"b214d93\" data-element_type=\"container\">\n\t\t\t\t\t<div class=\"e-con-inner\">\n\t\t<div class=\"elementor-element elementor-element-9201802 e-con-full e-flex e-con e-child\" data-id=\"9201802\" data-element_type=\"container\">\n\t\t\t\t<div class=\"elementor-element elementor-element-f2cfeba elementor-widget elementor-widget-heading\" data-id=\"f2cfeba\" data-element_type=\"widget\" data-widget_type=\"heading.default\">\n\t\t\t\t<div class=\"elementor-widget-container\">\n\t\t\t\t\t<h1 class=\"elementor-heading-title elementor-size-default\">Sobre nosotros<\/h1>\t\t\t\t<\/div>\n\t\t\t\t<\/div>\n\t\t\t\t<div class=\"elementor-element elementor-element-2f5d0c9 elementor-widget elementor-widget-image\" data-id=\"2f5d0c9\" data-element_type=\"widget\" data-widget_type=\"image.default\">\n\t\t\t\t<div class=\"elementor-widget-container\">\n\t\t\t\t\t\t\t\t\t\t\t\t\t\t\t<img loading=\"lazy\" decoding=\"async\" width=\"160\" height=\"10\" src=\"https:\/\/adultbicycle.com\/wp-content\/uploads\/2025\/05\/Underline.svg\" class=\"attachment-full size-full wp-image-1028\" alt=\"\" \/>\t\t\t\t\t\t\t\t\t\t\t\t\t\t\t<\/div>\n\t\t\t\t<\/div>\n\t\t\t\t<div class=\"elementor-element elementor-element-d91b28b elementor-widget elementor-widget-heading\" data-id=\"d91b28b\" data-element_type=\"widget\" data-widget_type=\"heading.default\">\n\t\t\t\t<div class=\"elementor-widget-container\">\n\t\t\t\t\t<h2 class=\"elementor-heading-title elementor-size-default\">Bienvenido a Adult Bicycles Online \u2013 Su fuente global de productos de alto rendimiento y gran valor.<\/h2>\t\t\t\t<\/div>\n\t\t\t\t<\/div>\n\t\t\t\t<div class=\"elementor-element elementor-element-069e63b elementor-widget elementor-widget-text-editor\" data-id=\"069e63b\" data-element_type=\"widget\" data-widget_type=\"text-editor.default\">\n\t\t\t\t<div class=\"elementor-widget-container\">\n\t\t\t\t\t\t\t\t\t<p data-start=\"172\" data-end=\"536\">Fundada en 2019, Adult Bicycles Online Store es una empresa de comercio internacional din\u00e1mica, con sede en la ciudad de Jinjiang, provincia de Fujian, China. Nos enfocamos en bicicletas, equipamiento y accesorios de ciclismo, pero tambi\u00e9n ofrecemos una amplia variedad de productos de estilo de vida, como ropa, calzado y art\u00edculos electr\u00f3nicos, todos cuidadosamente seleccionados para satisfacer las necesidades cambiantes de nuestros clientes en todo el mundo.<\/p><p data-start=\"172\" data-end=\"536\">Trabajamos directamente con los principales fabricantes de todo el mundo, eliminando intermediarios y ofreciendo productos de calidad a precios inigualables.<\/p>\t\t\t\t\t\t\t\t<\/div>\n\t\t\t\t<\/div>\n\t\t\t\t<\/div>\n\t\t<div class=\"elementor-element elementor-element-521d78f e-con-full e-flex e-con e-child\" data-id=\"521d78f\" data-element_type=\"container\" data-settings=\"{&quot;background_background&quot;:&quot;classic&quot;}\">\n\t\t\t\t<\/div>\n\t\t\t\t\t<\/div>\n\t\t\t\t<\/div>\n\t\t<div class=\"elementor-element elementor-element-4c154ac e-flex e-con-boxed e-con e-parent\" data-id=\"4c154ac\" data-element_type=\"container\">\n\t\t\t\t\t<div class=\"e-con-inner\">\n\t\t<div class=\"elementor-element elementor-element-012b6a6 e-con-full elementor-hidden-tablet elementor-hidden-mobile e-flex e-con e-child\" data-id=\"012b6a6\" data-element_type=\"container\" data-settings=\"{&quot;background_background&quot;:&quot;classic&quot;}\">\n\t\t\t\t<\/div>\n\t\t<div class=\"elementor-element elementor-element-09d6942 e-con-full e-flex e-con e-child\" data-id=\"09d6942\" data-element_type=\"container\">\n\t\t\t\t<div class=\"elementor-element elementor-element-808e752 elementor-widget elementor-widget-heading\" data-id=\"808e752\" data-element_type=\"widget\" data-widget_type=\"heading.default\">\n\t\t\t\t<div class=\"elementor-widget-container\">\n\t\t\t\t\t<h2 class=\"elementor-heading-title elementor-size-default\">Nuestra visi\u00f3n<\/h2>\t\t\t\t<\/div>\n\t\t\t\t<\/div>\n\t\t\t\t<div class=\"elementor-element elementor-element-637853d elementor-widget elementor-widget-image\" data-id=\"637853d\" data-element_type=\"widget\" data-widget_type=\"image.default\">\n\t\t\t\t<div class=\"elementor-widget-container\">\n\t\t\t\t\t\t\t\t\t\t\t\t\t\t\t<img loading=\"lazy\" decoding=\"async\" width=\"160\" height=\"10\" src=\"https:\/\/adultbicycle.com\/wp-content\/uploads\/2025\/05\/Underline.svg\" class=\"attachment-full size-full wp-image-1028\" alt=\"\" \/>\t\t\t\t\t\t\t\t\t\t\t\t\t\t\t<\/div>\n\t\t\t\t<\/div>\n\t\t\t\t<div class=\"elementor-element elementor-element-793fff3 elementor-widget elementor-widget-text-editor\" data-id=\"793fff3\" data-element_type=\"widget\" data-widget_type=\"text-editor.default\">\n\t\t\t\t<div class=\"elementor-widget-container\">\n\t\t\t\t\t\t\t\t\t<p data-start=\"945\" data-end=\"1129\" class=\"translation-block\">Creemos que los grandes productos no deber\u00edan tener un precio elevado. Nuestra misi\u00f3n es simple: ayudar a los clientes de todo el mundo a conseguir exactamente lo que necesitan \u2014 al precio que merecen.<br>\nEstamos redefiniendo la forma en que la gente compra a nivel global, siguiendo un principio fundamental:<\/p>\t\t\t\t\t\t\t\t<\/div>\n\t\t\t\t<\/div>\n\t\t<div class=\"elementor-element elementor-element-b407f75 e-con-full e-flex e-con e-child\" data-id=\"b407f75\" data-element_type=\"container\">\n\t\t<div class=\"elementor-element elementor-element-871e989 e-con-full e-flex e-con e-child\" data-id=\"871e989\" data-element_type=\"container\">\n\t\t\t\t<div class=\"elementor-element elementor-element-58ed1cd elementor-widget elementor-widget-counter\" data-id=\"58ed1cd\" data-element_type=\"widget\" data-widget_type=\"counter.default\">\n\t\t\t\t<div class=\"elementor-widget-container\">\n\t\t\t\t\t\t\t<div class=\"elementor-counter\">\n\t\t\t<div class=\"elementor-counter-title\">Volumen de ventas<\/div>\t\t\t<div class=\"elementor-counter-number-wrapper\">\n\t\t\t\t<span class=\"elementor-counter-number-prefix\"><\/span>\n\t\t\t\t<span class=\"elementor-counter-number\" data-duration=\"2000\" data-to-value=\"20\" data-from-value=\"0\" data-delimiter=\",\">0<\/span>\n\t\t\t\t<span class=\"elementor-counter-number-suffix\">M+<\/span>\n\t\t\t<\/div>\n\t\t<\/div>\n\t\t\t\t\t\t<\/div>\n\t\t\t\t<\/div>\n\t\t\t\t<\/div>\n\t\t<div class=\"elementor-element elementor-element-36d57fd e-con-full e-flex e-con e-child\" data-id=\"36d57fd\" data-element_type=\"container\">\n\t\t\t\t<div class=\"elementor-element elementor-element-786b002 elementor-widget elementor-widget-counter\" data-id=\"786b002\" data-element_type=\"widget\" data-widget_type=\"counter.default\">\n\t\t\t\t<div class=\"elementor-widget-container\">\n\t\t\t\t\t\t\t<div class=\"elementor-counter\">\n\t\t\t<div class=\"elementor-counter-title\">Miembro registrado<\/div>\t\t\t<div class=\"elementor-counter-number-wrapper\">\n\t\t\t\t<span class=\"elementor-counter-number-prefix\"><\/span>\n\t\t\t\t<span class=\"elementor-counter-number\" data-duration=\"2000\" data-to-value=\"7.8\" data-from-value=\"0\" data-delimiter=\",\">0<\/span>\n\t\t\t\t<span class=\"elementor-counter-number-suffix\">K+<\/span>\n\t\t\t<\/div>\n\t\t<\/div>\n\t\t\t\t\t\t<\/div>\n\t\t\t\t<\/div>\n\t\t\t\t<\/div>\n\t\t<div class=\"elementor-element elementor-element-cb64170 e-con-full e-flex e-con e-child\" data-id=\"cb64170\" data-element_type=\"container\">\n\t\t\t\t<div class=\"elementor-element elementor-element-0177b36 elementor-widget elementor-widget-counter\" data-id=\"0177b36\" data-element_type=\"widget\" data-widget_type=\"counter.default\">\n\t\t\t\t<div class=\"elementor-widget-container\">\n\t\t\t\t\t\t\t<div class=\"elementor-counter\">\n\t\t\t<div class=\"elementor-counter-title\">Satisfacci\u00f3n del cliente<\/div>\t\t\t<div class=\"elementor-counter-number-wrapper\">\n\t\t\t\t<span class=\"elementor-counter-number-prefix\"><\/span>\n\t\t\t\t<span class=\"elementor-counter-number\" data-duration=\"2000\" data-to-value=\"95\" data-from-value=\"0\" data-delimiter=\",\">0<\/span>\n\t\t\t\t<span class=\"elementor-counter-number-suffix\">%<\/span>\n\t\t\t<\/div>\n\t\t<\/div>\n\t\t\t\t\t\t<\/div>\n\t\t\t\t<\/div>\n\t\t\t\t<\/div>\n\t\t\t\t<\/div>\n\t\t\t\t<div class=\"elementor-element elementor-element-b15d9cf elementor-widget elementor-widget-text-editor\" data-id=\"b15d9cf\" data-element_type=\"widget\" data-widget_type=\"text-editor.default\">\n\t\t\t\t<div class=\"elementor-widget-container\">\n\t\t\t\t\t\t\t\t\t<p><em><strong>Suministro directo de f\u00e1brica. Env\u00edo r\u00e1pido a nivel mundial. Sin compromisos.<\/strong><\/em><\/p>\t\t\t\t\t\t\t\t<\/div>\n\t\t\t\t<\/div>\n\t\t\t\t<\/div>\n\t\t\t\t\t<\/div>\n\t\t\t\t<\/div>\n\t\t<div class=\"elementor-element elementor-element-f17fc64 e-flex e-con-boxed e-con e-parent\" data-id=\"f17fc64\" data-element_type=\"container\">\n\t\t\t\t\t<div class=\"e-con-inner\">\n\t\t<div class=\"elementor-element elementor-element-d131c23 e-con-full e-flex e-con e-child\" data-id=\"d131c23\" data-element_type=\"container\">\n\t\t\t\t<div class=\"elementor-element elementor-element-8260b94 elementor-widget elementor-widget-heading\" data-id=\"8260b94\" data-element_type=\"widget\" data-widget_type=\"heading.default\">\n\t\t\t\t<div class=\"elementor-widget-container\">\n\t\t\t\t\t<h2 class=\"elementor-heading-title elementor-size-default\">\u00bfPor qu\u00e9 elegirnos?<\/h2>\t\t\t\t<\/div>\n\t\t\t\t<\/div>\n\t\t\t\t<div class=\"elementor-element elementor-element-ecd0c57 elementor-widget elementor-widget-image\" data-id=\"ecd0c57\" data-element_type=\"widget\" data-widget_type=\"image.default\">\n\t\t\t\t<div class=\"elementor-widget-container\">\n\t\t\t\t\t\t\t\t\t\t\t\t\t\t\t<img loading=\"lazy\" decoding=\"async\" width=\"160\" height=\"10\" src=\"https:\/\/adultbicycle.com\/wp-content\/uploads\/2025\/05\/Underline.svg\" class=\"attachment-full size-full wp-image-1028\" alt=\"\" \/>\t\t\t\t\t\t\t\t\t\t\t\t\t\t\t<\/div>\n\t\t\t\t<\/div>\n\t\t\t\t<div class=\"elementor-element elementor-element-cfe27f4 elementor-widget elementor-widget-text-editor\" data-id=\"cfe27f4\" data-element_type=\"widget\" data-widget_type=\"text-editor.default\">\n\t\t\t\t<div class=\"elementor-widget-container\">\n\t\t\t\t\t\t\t\t\t<ul><li data-start=\"1309\" data-end=\"1382\"><p data-start=\"1311\" data-end=\"1382\"><strong data-start=\"1311\" data-end=\"1342\">Excelente relaci\u00f3n calidad-precio<\/strong> \u2013 Calidad premium a precios asequibles.<\/p><\/li><li data-start=\"1383\" data-end=\"1468\"><p data-start=\"1385\" data-end=\"1468\"><strong data-start=\"1385\" data-end=\"1411\">Amplia selecci\u00f3n de productos<\/strong> \u2013 Desde principiantes hasta profesionales, siempre algo nuevo.<\/p><\/li><li data-start=\"1469\" data-end=\"1540\"><p data-start=\"1471\" data-end=\"1540\"><strong data-start=\"1471\" data-end=\"1493\">Directamente de la fuente<\/strong> \u2013 Sin intermediarios, solo fabricantes de primera categor\u00eda.<\/p><\/li><li data-start=\"1541\" data-end=\"1611\"><p data-start=\"1543\" data-end=\"1611\"><strong data-start=\"1543\" data-end=\"1565\">Env\u00edo a todo el mundo<\/strong> \u2013 Env\u00edo r\u00e1pido y fiable hasta la puerta de tu casa.<\/p><\/li><li data-start=\"1612\" data-end=\"1697\"><p data-start=\"1614\" data-end=\"1697\"><strong data-start=\"1614\" data-end=\"1639\">Pol\u00edtica de \u201cCliente Primero\u201d<\/strong> \u2013 Respaldamos lo que vendemos con un soporte justo y transparente.<\/p><\/li><\/ul>\t\t\t\t\t\t\t\t<\/div>\n\t\t\t\t<\/div>\n\t\t\t\t<\/div>\n\t\t<div class=\"elementor-element elementor-element-3306e22 e-con-full elementor-hidden-tablet elementor-hidden-mobile e-flex e-con e-child\" data-id=\"3306e22\" data-element_type=\"container\" data-settings=\"{&quot;background_background&quot;:&quot;classic&quot;}\">\n\t\t\t\t<\/div>\n\t\t\t\t\t<\/div>\n\t\t\t\t<\/div>\n\t\t<div class=\"elementor-element elementor-element-e823945 e-flex e-con-boxed e-con e-parent\" data-id=\"e823945\" data-element_type=\"container\">\n\t\t\t\t\t<div class=\"e-con-inner\">\n\t\t<div class=\"elementor-element elementor-element-bcfd1b4 e-con-full e-flex e-con e-child\" data-id=\"bcfd1b4\" data-element_type=\"container\" data-settings=\"{&quot;background_background&quot;:&quot;classic&quot;}\">\n\t\t\t\t<\/div>\n\t\t<div class=\"elementor-element elementor-element-1004192 e-con-full e-flex e-con e-child\" data-id=\"1004192\" data-element_type=\"container\">\n\t\t\t\t<div class=\"elementor-element elementor-element-36c20c3 elementor-widget elementor-widget-heading\" data-id=\"36c20c3\" data-element_type=\"widget\" data-widget_type=\"heading.default\">\n\t\t\t\t<div class=\"elementor-widget-container\">\n\t\t\t\t\t<h2 class=\"elementor-heading-title elementor-size-default\">Nuestro equipo y nuestra historia<\/h2>\t\t\t\t<\/div>\n\t\t\t\t<\/div>\n\t\t\t\t<div class=\"elementor-element elementor-element-0780584 elementor-widget elementor-widget-image\" data-id=\"0780584\" data-element_type=\"widget\" data-widget_type=\"image.default\">\n\t\t\t\t<div class=\"elementor-widget-container\">\n\t\t\t\t\t\t\t\t\t\t\t\t\t\t\t<img loading=\"lazy\" decoding=\"async\" width=\"160\" height=\"10\" src=\"https:\/\/adultbicycle.com\/wp-content\/uploads\/2025\/05\/Underline.svg\" class=\"attachment-full size-full wp-image-1028\" alt=\"\" \/>\t\t\t\t\t\t\t\t\t\t\t\t\t\t\t<\/div>\n\t\t\t\t<\/div>\n\t\t\t\t<div class=\"elementor-element elementor-element-db9311d elementor-widget elementor-widget-text-editor\" data-id=\"db9311d\" data-element_type=\"widget\" data-widget_type=\"text-editor.default\">\n\t\t\t\t<div class=\"elementor-widget-container\">\n\t\t\t\t\t\t\t\t\t<p data-start=\"2098\" data-end=\"2434\">Adult Bicycles Online Store fue fundado por un grupo de ciclistas apasionados y expertos en comercio electr\u00f3nico que vieron una oportunidad: \u00bfpor qu\u00e9 pagar de m\u00e1s cuando se puede trabajar directamente con fabricantes de todo el mundo y aprovechar sus recursos? Combinando conocimiento del sector con un compromiso de transparencia y servicio, decidimos crear una plataforma donde el valor se une a la variedad \u2014 as\u00ed nacimos.<\/p><p data-start=\"2436\" data-end=\"2596\">Hoy somos un equipo en crecimiento de m\u00e1s de 20 buscadores de productos, gerentes de log\u00edstica y expertos en atenci\u00f3n al cliente, trabajando para hacer realidad nuestra visi\u00f3n \u2014 un paquete a la vez.<\/p>\t\t\t\t\t\t\t\t<\/div>\n\t\t\t\t<\/div>\n\t\t\t\t<\/div>\n\t\t\t\t\t<\/div>\n\t\t\t\t<\/div>\n\t\t\t\t<\/div>","protected":false},"excerpt":{"rendered":"<p>About us Welcome to Adult Bicycles Online Store \u2013 Your Global Source for High-Performance, High-Value Products Founded in 2019, Adult Bicycles Online Store is a&#8230;<\/p>","protected":false},"author":1,"featured_media":0,"parent":0,"menu_order":0,"comment_status":"closed","ping_status":"closed","template":"","meta":{"footnotes":""},"class_list":["post-187","page","type-page","status-publish","hentry"],"_links":{"self":[{"href":"https:\/\/adultbicycle.com\/es\/wp-json\/wp\/v2\/pages\/187","targetHints":{"allow":["GET"]}}],"collection":[{"href":"https:\/\/adultbicycle.com\/es\/wp-json\/wp\/v2\/pages"}],"about":[{"href":"https:\/\/adultbicycle.com\/es\/wp-json\/wp\/v2\/types\/page"}],"author":[{"embeddable":true,"href":"https:\/\/adultbicycle.com\/es\/wp-json\/wp\/v2\/users\/1"}],"replies":[{"embeddable":true,"href":"https:\/\/adultbicycle.com\/es\/wp-json\/wp\/v2\/comments?post=187"}],"version-history":[{"count":0,"href":"https:\/\/adultbicycle.com\/es\/wp-json\/wp\/v2\/pages\/187\/revisions"}],"wp:attachment":[{"href":"https:\/\/adultbicycle.com\/es\/wp-json\/wp\/v2\/media?parent=187"}],"curies":[{"name":"wp","href":"https:\/\/api.w.org\/{rel}","templated":true}]}}