{"id":592,"date":"2025-05-21T07:18:50","date_gmt":"2025-05-21T07:18:50","guid":{"rendered":"https:\/\/adultbicycle.com\/?post_type=product&#038;p=592"},"modified":"2025-08-28T02:28:54","modified_gmt":"2025-08-28T02:28:54","slug":"bike-wall-mounts","status":"publish","type":"product","link":"https:\/\/adultbicycle.com\/es\/product\/bike-wall-mounts\/","title":{"rendered":"Soportes de pared para bicicletas"},"content":{"rendered":"<h2>Transforma tu espacio con soportes de pared para bicicletas<\/h2>\n<p>Si eres un entusiasta del ciclismo, sabes lo importante que es tener un espacio dedicado para tu bicicleta y equipo. Nuestros soportes de pared para bicicletas no son solo otro accesorio; son un art\u00edculo esencial dise\u00f1ado para ofrecerte comodidad y organizaci\u00f3n. Con un peso s\u00f3lido de 4 kg, estos soportes aseguran que tu bicicleta se mantenga segura, permiti\u00e9ndote recuperar espacio en el suelo y mantener tu entorno ordenado.<\/p>\n<h2>Dise\u00f1o duradero, hecho para perdurar<\/h2>\n<p>Fabricados con acero al carbono de alta calidad, nuestros soportes de pared para bicicletas ofrecen una resistencia y estabilidad incomparables. A diferencia de otros soportes de pared que pueden comprometer la calidad, los nuestros est\u00e1n dise\u00f1ados para soportar el paso del tiempo. Los tornillos de acero inoxidable aumentan a\u00fan m\u00e1s la durabilidad, asegurando que tu bicicleta permanezca segura y estable, ya sea durante unas semanas o varias temporadas de ciclismo. Los materiales resistentes garantizan una larga vida \u00fatil, convirti\u00e9ndolo en un complemento valioso para cualquier aficionado al ciclismo.<\/p>\n<h2>F\u00e1cil de instalar y soluci\u00f3n que ahorra espacio<\/h2>\n<p>Di adi\u00f3s al desorden y a las instalaciones complicadas. Nuestros soportes de pared para bicicletas est\u00e1n dise\u00f1ados para una instalaci\u00f3n f\u00e1cil, e incluyen una gu\u00eda que te permite montarlos sin esfuerzo. Vienen equipados con nuevas almohadillas gruesas que no solo proporcionan un agarre adicional, sino que tambi\u00e9n protegen el cuadro de tu bicicleta de ara\u00f1azos o da\u00f1os. Esta caracter\u00edstica pensada te permite colgar tu bicicleta con confianza, sabiendo que est\u00e1 bien cuidada. Adem\u00e1s, el dise\u00f1o va m\u00e1s all\u00e1 del almacenamiento de bicicletas: puedes colgar cascos de invitados, gafas, zapatos con cierre y ropa de ciclismo, creando una soluci\u00f3n de almacenamiento todo en uno para mantener todo en su lugar. \u00a1Experimenta la belleza de un espacio organizado con nuestros innovadores soportes que ahorran espacio sin sacrificar el estilo!<\/p>","protected":false},"excerpt":{"rendered":"<p>Los soportes de pared para bicicletas duraderos ahorran espacio con su construcci\u00f3n de acero al carbono. Mantienen las bicis y el equipo seguros, evitan ara\u00f1azos y permiten organizar cascos y zapatos. \u00a1Soporte de bicicleta resistente y f\u00e1cil de instalar!<\/p>","protected":false},"featured_media":595,"comment_status":"open","ping_status":"closed","template":"","meta":[],"etheme_brands":[],"product_brand":[],"product_cat":[35],"product_tag":[],"class_list":{"0":"post-592","1":"product","2":"type-product","3":"status-publish","4":"has-post-thumbnail","6":"product_cat-cycling-gearbicycle-accessories","7":"pa_color-black","8":"pa_color-white","10":"first","11":"instock","12":"taxable","13":"shipping-taxable","14":"purchasable","15":"product-type-variable"},"_links":{"self":[{"href":"https:\/\/adultbicycle.com\/es\/wp-json\/wp\/v2\/product\/592","targetHints":{"allow":["GET"]}}],"collection":[{"href":"https:\/\/adultbicycle.com\/es\/wp-json\/wp\/v2\/product"}],"about":[{"href":"https:\/\/adultbicycle.com\/es\/wp-json\/wp\/v2\/types\/product"}],"replies":[{"embeddable":true,"href":"https:\/\/adultbicycle.com\/es\/wp-json\/wp\/v2\/comments?post=592"}],"version-history":[{"count":0,"href":"https:\/\/adultbicycle.com\/es\/wp-json\/wp\/v2\/product\/592\/revisions"}],"wp:featuredmedia":[{"embeddable":true,"href":"https:\/\/adultbicycle.com\/es\/wp-json\/wp\/v2\/media\/595"}],"wp:attachment":[{"href":"https:\/\/adultbicycle.com\/es\/wp-json\/wp\/v2\/media?parent=592"}],"wp:term":[{"taxonomy":"brand","embeddable":true,"href":"https:\/\/adultbicycle.com\/es\/wp-json\/wp\/v2\/etheme_brands?post=592"},{"taxonomy":"product_brand","embeddable":true,"href":"https:\/\/adultbicycle.com\/es\/wp-json\/wp\/v2\/product_brand?post=592"},{"taxonomy":"product_cat","embeddable":true,"href":"https:\/\/adultbicycle.com\/es\/wp-json\/wp\/v2\/product_cat?post=592"},{"taxonomy":"product_tag","embeddable":true,"href":"https:\/\/adultbicycle.com\/es\/wp-json\/wp\/v2\/product_tag?post=592"}],"curies":[{"name":"wp","href":"https:\/\/api.w.org\/{rel}","templated":true}]}}