{"id":187,"date":"2025-05-02T08:28:29","date_gmt":"2025-05-02T08:28:29","guid":{"rendered":"https:\/\/adultbicycle.com\/?page_id=187"},"modified":"2025-09-28T13:46:58","modified_gmt":"2025-09-28T13:46:58","slug":"about-us","status":"publish","type":"page","link":"https:\/\/adultbicycle.com\/fr\/about-us\/","title":{"rendered":"\u00c0 propos"},"content":{"rendered":"<div data-elementor-type=\"wp-page\" data-elementor-id=\"187\" class=\"elementor elementor-187\" data-elementor-post-type=\"page\">\n\t\t\t\t<div class=\"elementor-element elementor-element-b214d93 e-flex e-con-boxed e-con e-parent\" data-id=\"b214d93\" data-element_type=\"container\">\n\t\t\t\t\t<div class=\"e-con-inner\">\n\t\t<div class=\"elementor-element elementor-element-9201802 e-con-full e-flex e-con e-child\" data-id=\"9201802\" data-element_type=\"container\">\n\t\t\t\t<div class=\"elementor-element elementor-element-f2cfeba elementor-widget elementor-widget-heading\" data-id=\"f2cfeba\" data-element_type=\"widget\" data-widget_type=\"heading.default\">\n\t\t\t\t<div class=\"elementor-widget-container\">\n\t\t\t\t\t<h1 class=\"elementor-heading-title elementor-size-default\">\u00c0 propos de nous<\/h1>\t\t\t\t<\/div>\n\t\t\t\t<\/div>\n\t\t\t\t<div class=\"elementor-element elementor-element-2f5d0c9 elementor-widget elementor-widget-image\" data-id=\"2f5d0c9\" data-element_type=\"widget\" data-widget_type=\"image.default\">\n\t\t\t\t<div class=\"elementor-widget-container\">\n\t\t\t\t\t\t\t\t\t\t\t\t\t\t\t<img loading=\"lazy\" decoding=\"async\" width=\"160\" height=\"10\" src=\"https:\/\/adultbicycle.com\/wp-content\/uploads\/2025\/05\/Underline.svg\" class=\"attachment-full size-full wp-image-1028\" alt=\"\" \/>\t\t\t\t\t\t\t\t\t\t\t\t\t\t\t<\/div>\n\t\t\t\t<\/div>\n\t\t\t\t<div class=\"elementor-element elementor-element-d91b28b elementor-widget elementor-widget-heading\" data-id=\"d91b28b\" data-element_type=\"widget\" data-widget_type=\"heading.default\">\n\t\t\t\t<div class=\"elementor-widget-container\">\n\t\t\t\t\t<h2 class=\"elementor-heading-title elementor-size-default\">Bienvenue sur Adult Bicycles Online \u2013 Votre source mondiale de produits performants et \u00e0 forte valeur.<\/h2>\t\t\t\t<\/div>\n\t\t\t\t<\/div>\n\t\t\t\t<div class=\"elementor-element elementor-element-069e63b elementor-widget elementor-widget-text-editor\" data-id=\"069e63b\" data-element_type=\"widget\" data-widget_type=\"text-editor.default\">\n\t\t\t\t<div class=\"elementor-widget-container\">\n\t\t\t\t\t\t\t\t\t<p data-start=\"172\" data-end=\"536\">Fond\u00e9e en 2019, Adult Bicycles Online Store est une entreprise de commerce international dynamique, dont le si\u00e8ge est situ\u00e9 \u00e0 Jinjiang, dans la province du Fujian en Chine. Sp\u00e9cialis\u00e9e dans les v\u00e9los, les \u00e9quipements et accessoires de cyclisme, elle propose \u00e9galement une large gamme de produits lifestyle, incluant v\u00eatements, chaussures et articles \u00e9lectroniques \u2014 soigneusement s\u00e9lectionn\u00e9s pour r\u00e9pondre aux besoins \u00e9volutifs de nos clients \u00e0 travers le monde.<\/p><p data-start=\"172\" data-end=\"536\">Nous travaillons directement avec les principaux fabricants du monde entier, en supprimant les interm\u00e9diaires et en proposant des produits de qualit\u00e9 \u00e0 des prix imbattables.<\/p>\t\t\t\t\t\t\t\t<\/div>\n\t\t\t\t<\/div>\n\t\t\t\t<\/div>\n\t\t<div class=\"elementor-element elementor-element-521d78f e-con-full e-flex e-con e-child\" data-id=\"521d78f\" data-element_type=\"container\" data-settings=\"{&quot;background_background&quot;:&quot;classic&quot;}\">\n\t\t\t\t<\/div>\n\t\t\t\t\t<\/div>\n\t\t\t\t<\/div>\n\t\t<div class=\"elementor-element elementor-element-4c154ac e-flex e-con-boxed e-con e-parent\" data-id=\"4c154ac\" data-element_type=\"container\">\n\t\t\t\t\t<div class=\"e-con-inner\">\n\t\t<div class=\"elementor-element elementor-element-012b6a6 e-con-full elementor-hidden-tablet elementor-hidden-mobile e-flex e-con e-child\" data-id=\"012b6a6\" data-element_type=\"container\" data-settings=\"{&quot;background_background&quot;:&quot;classic&quot;}\">\n\t\t\t\t<\/div>\n\t\t<div class=\"elementor-element elementor-element-09d6942 e-con-full e-flex e-con e-child\" data-id=\"09d6942\" data-element_type=\"container\">\n\t\t\t\t<div class=\"elementor-element elementor-element-808e752 elementor-widget elementor-widget-heading\" data-id=\"808e752\" data-element_type=\"widget\" data-widget_type=\"heading.default\">\n\t\t\t\t<div class=\"elementor-widget-container\">\n\t\t\t\t\t<h2 class=\"elementor-heading-title elementor-size-default\">Notre vision<\/h2>\t\t\t\t<\/div>\n\t\t\t\t<\/div>\n\t\t\t\t<div class=\"elementor-element elementor-element-637853d elementor-widget elementor-widget-image\" data-id=\"637853d\" data-element_type=\"widget\" data-widget_type=\"image.default\">\n\t\t\t\t<div class=\"elementor-widget-container\">\n\t\t\t\t\t\t\t\t\t\t\t\t\t\t\t<img loading=\"lazy\" decoding=\"async\" width=\"160\" height=\"10\" src=\"https:\/\/adultbicycle.com\/wp-content\/uploads\/2025\/05\/Underline.svg\" class=\"attachment-full size-full wp-image-1028\" alt=\"\" \/>\t\t\t\t\t\t\t\t\t\t\t\t\t\t\t<\/div>\n\t\t\t\t<\/div>\n\t\t\t\t<div class=\"elementor-element elementor-element-793fff3 elementor-widget elementor-widget-text-editor\" data-id=\"793fff3\" data-element_type=\"widget\" data-widget_type=\"text-editor.default\">\n\t\t\t\t<div class=\"elementor-widget-container\">\n\t\t\t\t\t\t\t\t\t<p data-start=\"945\" data-end=\"1129\" class=\"translation-block\">Nous croyons que les excellents produits ne devraient pas co\u00fbter cher. Notre mission est simple : aider les clients du monde entier \u00e0 obtenir exactement ce dont ils ont besoin \u2014 au prix qu\u2019ils m\u00e9ritent.<br>\nNous red\u00e9finissons la mani\u00e8re dont les gens font leurs achats \u00e0 l\u2019\u00e9chelle mondiale en respectant un principe fondamental :<\/p>\t\t\t\t\t\t\t\t<\/div>\n\t\t\t\t<\/div>\n\t\t<div class=\"elementor-element elementor-element-b407f75 e-con-full e-flex e-con e-child\" data-id=\"b407f75\" data-element_type=\"container\">\n\t\t<div class=\"elementor-element elementor-element-871e989 e-con-full e-flex e-con e-child\" data-id=\"871e989\" data-element_type=\"container\">\n\t\t\t\t<div class=\"elementor-element elementor-element-58ed1cd elementor-widget elementor-widget-counter\" data-id=\"58ed1cd\" data-element_type=\"widget\" data-widget_type=\"counter.default\">\n\t\t\t\t<div class=\"elementor-widget-container\">\n\t\t\t\t\t\t\t<div class=\"elementor-counter\">\n\t\t\t<div class=\"elementor-counter-title\">Volume des ventes<\/div>\t\t\t<div class=\"elementor-counter-number-wrapper\">\n\t\t\t\t<span class=\"elementor-counter-number-prefix\"><\/span>\n\t\t\t\t<span class=\"elementor-counter-number\" data-duration=\"2000\" data-to-value=\"20\" data-from-value=\"0\" data-delimiter=\",\">0<\/span>\n\t\t\t\t<span class=\"elementor-counter-number-suffix\">M+<\/span>\n\t\t\t<\/div>\n\t\t<\/div>\n\t\t\t\t\t\t<\/div>\n\t\t\t\t<\/div>\n\t\t\t\t<\/div>\n\t\t<div class=\"elementor-element elementor-element-36d57fd e-con-full e-flex e-con e-child\" data-id=\"36d57fd\" data-element_type=\"container\">\n\t\t\t\t<div class=\"elementor-element elementor-element-786b002 elementor-widget elementor-widget-counter\" data-id=\"786b002\" data-element_type=\"widget\" data-widget_type=\"counter.default\">\n\t\t\t\t<div class=\"elementor-widget-container\">\n\t\t\t\t\t\t\t<div class=\"elementor-counter\">\n\t\t\t<div class=\"elementor-counter-title\">Membre enregistr\u00e9<\/div>\t\t\t<div class=\"elementor-counter-number-wrapper\">\n\t\t\t\t<span class=\"elementor-counter-number-prefix\"><\/span>\n\t\t\t\t<span class=\"elementor-counter-number\" data-duration=\"2000\" data-to-value=\"7.8\" data-from-value=\"0\" data-delimiter=\",\">0<\/span>\n\t\t\t\t<span class=\"elementor-counter-number-suffix\">K+<\/span>\n\t\t\t<\/div>\n\t\t<\/div>\n\t\t\t\t\t\t<\/div>\n\t\t\t\t<\/div>\n\t\t\t\t<\/div>\n\t\t<div class=\"elementor-element elementor-element-cb64170 e-con-full e-flex e-con e-child\" data-id=\"cb64170\" data-element_type=\"container\">\n\t\t\t\t<div class=\"elementor-element elementor-element-0177b36 elementor-widget elementor-widget-counter\" data-id=\"0177b36\" data-element_type=\"widget\" data-widget_type=\"counter.default\">\n\t\t\t\t<div class=\"elementor-widget-container\">\n\t\t\t\t\t\t\t<div class=\"elementor-counter\">\n\t\t\t<div class=\"elementor-counter-title\">Satisfaction client<\/div>\t\t\t<div class=\"elementor-counter-number-wrapper\">\n\t\t\t\t<span class=\"elementor-counter-number-prefix\"><\/span>\n\t\t\t\t<span class=\"elementor-counter-number\" data-duration=\"2000\" data-to-value=\"95\" data-from-value=\"0\" data-delimiter=\",\">0<\/span>\n\t\t\t\t<span class=\"elementor-counter-number-suffix\">%<\/span>\n\t\t\t<\/div>\n\t\t<\/div>\n\t\t\t\t\t\t<\/div>\n\t\t\t\t<\/div>\n\t\t\t\t<\/div>\n\t\t\t\t<\/div>\n\t\t\t\t<div class=\"elementor-element elementor-element-b15d9cf elementor-widget elementor-widget-text-editor\" data-id=\"b15d9cf\" data-element_type=\"widget\" data-widget_type=\"text-editor.default\">\n\t\t\t\t<div class=\"elementor-widget-container\">\n\t\t\t\t\t\t\t\t\t<p><em><strong>Approvisionnement direct usine. Exp\u00e9dition rapide dans le monde entier. Sans compromis.<\/strong><\/em><\/p>\t\t\t\t\t\t\t\t<\/div>\n\t\t\t\t<\/div>\n\t\t\t\t<\/div>\n\t\t\t\t\t<\/div>\n\t\t\t\t<\/div>\n\t\t<div class=\"elementor-element elementor-element-f17fc64 e-flex e-con-boxed e-con e-parent\" data-id=\"f17fc64\" data-element_type=\"container\">\n\t\t\t\t\t<div class=\"e-con-inner\">\n\t\t<div class=\"elementor-element elementor-element-d131c23 e-con-full e-flex e-con e-child\" data-id=\"d131c23\" data-element_type=\"container\">\n\t\t\t\t<div class=\"elementor-element elementor-element-8260b94 elementor-widget elementor-widget-heading\" data-id=\"8260b94\" data-element_type=\"widget\" data-widget_type=\"heading.default\">\n\t\t\t\t<div class=\"elementor-widget-container\">\n\t\t\t\t\t<h2 class=\"elementor-heading-title elementor-size-default\">Pourquoi nous choisir ?<\/h2>\t\t\t\t<\/div>\n\t\t\t\t<\/div>\n\t\t\t\t<div class=\"elementor-element elementor-element-ecd0c57 elementor-widget elementor-widget-image\" data-id=\"ecd0c57\" data-element_type=\"widget\" data-widget_type=\"image.default\">\n\t\t\t\t<div class=\"elementor-widget-container\">\n\t\t\t\t\t\t\t\t\t\t\t\t\t\t\t<img loading=\"lazy\" decoding=\"async\" width=\"160\" height=\"10\" src=\"https:\/\/adultbicycle.com\/wp-content\/uploads\/2025\/05\/Underline.svg\" class=\"attachment-full size-full wp-image-1028\" alt=\"\" \/>\t\t\t\t\t\t\t\t\t\t\t\t\t\t\t<\/div>\n\t\t\t\t<\/div>\n\t\t\t\t<div class=\"elementor-element elementor-element-cfe27f4 elementor-widget elementor-widget-text-editor\" data-id=\"cfe27f4\" data-element_type=\"widget\" data-widget_type=\"text-editor.default\">\n\t\t\t\t<div class=\"elementor-widget-container\">\n\t\t\t\t\t\t\t\t\t<ul><li data-start=\"1309\" data-end=\"1382\"><p data-start=\"1311\" data-end=\"1382\"><strong data-start=\"1311\" data-end=\"1342\">Excellent rapport qualit\u00e9-prix<\/strong> \u2013 Qualit\u00e9 premium \u00e0 prix abordables.<\/p><\/li><li data-start=\"1383\" data-end=\"1468\"><p data-start=\"1385\" data-end=\"1468\"><strong data-start=\"1385\" data-end=\"1411\">Large choix de produits<\/strong> \u2013 Du niveau d\u00e9butant au niveau pro, toujours de la nouveaut\u00e9.<\/p><\/li><li data-start=\"1469\" data-end=\"1540\"><p data-start=\"1471\" data-end=\"1540\"><strong data-start=\"1471\" data-end=\"1493\">Directement de la source<\/strong> \u2013 Pas d\u2019interm\u00e9diaires, seulement des fabricants de premier ordre.<\/p><\/li><li data-start=\"1541\" data-end=\"1611\"><p data-start=\"1543\" data-end=\"1611\"><strong data-start=\"1543\" data-end=\"1565\">Livraison dans le monde entier<\/strong> \u2013 Livraison rapide et fiable directement \u00e0 votre porte.<\/p><\/li><li data-start=\"1612\" data-end=\"1697\"><p data-start=\"1614\" data-end=\"1697\"><strong data-start=\"1614\" data-end=\"1639\">Politique \u00ab le client d\u2019abord \u00bb<\/strong> \u2013 Nous soutenons nos produits avec un service \u00e9quitable et transparent.<\/p><\/li><\/ul>\t\t\t\t\t\t\t\t<\/div>\n\t\t\t\t<\/div>\n\t\t\t\t<\/div>\n\t\t<div class=\"elementor-element elementor-element-3306e22 e-con-full elementor-hidden-tablet elementor-hidden-mobile e-flex e-con e-child\" data-id=\"3306e22\" data-element_type=\"container\" data-settings=\"{&quot;background_background&quot;:&quot;classic&quot;}\">\n\t\t\t\t<\/div>\n\t\t\t\t\t<\/div>\n\t\t\t\t<\/div>\n\t\t<div class=\"elementor-element elementor-element-e823945 e-flex e-con-boxed e-con e-parent\" data-id=\"e823945\" data-element_type=\"container\">\n\t\t\t\t\t<div class=\"e-con-inner\">\n\t\t<div class=\"elementor-element elementor-element-bcfd1b4 e-con-full e-flex e-con e-child\" data-id=\"bcfd1b4\" data-element_type=\"container\" data-settings=\"{&quot;background_background&quot;:&quot;classic&quot;}\">\n\t\t\t\t<\/div>\n\t\t<div class=\"elementor-element elementor-element-1004192 e-con-full e-flex e-con e-child\" data-id=\"1004192\" data-element_type=\"container\">\n\t\t\t\t<div class=\"elementor-element elementor-element-36c20c3 elementor-widget elementor-widget-heading\" data-id=\"36c20c3\" data-element_type=\"widget\" data-widget_type=\"heading.default\">\n\t\t\t\t<div class=\"elementor-widget-container\">\n\t\t\t\t\t<h2 class=\"elementor-heading-title elementor-size-default\">Notre \u00e9quipe et notre histoire<\/h2>\t\t\t\t<\/div>\n\t\t\t\t<\/div>\n\t\t\t\t<div class=\"elementor-element elementor-element-0780584 elementor-widget elementor-widget-image\" data-id=\"0780584\" data-element_type=\"widget\" data-widget_type=\"image.default\">\n\t\t\t\t<div class=\"elementor-widget-container\">\n\t\t\t\t\t\t\t\t\t\t\t\t\t\t\t<img loading=\"lazy\" decoding=\"async\" width=\"160\" height=\"10\" src=\"https:\/\/adultbicycle.com\/wp-content\/uploads\/2025\/05\/Underline.svg\" class=\"attachment-full size-full wp-image-1028\" alt=\"\" \/>\t\t\t\t\t\t\t\t\t\t\t\t\t\t\t<\/div>\n\t\t\t\t<\/div>\n\t\t\t\t<div class=\"elementor-element elementor-element-db9311d elementor-widget elementor-widget-text-editor\" data-id=\"db9311d\" data-element_type=\"widget\" data-widget_type=\"text-editor.default\">\n\t\t\t\t<div class=\"elementor-widget-container\">\n\t\t\t\t\t\t\t\t\t<p data-start=\"2098\" data-end=\"2434\">Adult Bicycles Online Store a \u00e9t\u00e9 fond\u00e9 par un groupe de passionn\u00e9s de v\u00e9lo et de sp\u00e9cialistes du e-commerce qui ont vu une opportunit\u00e9 : pourquoi payer plus cher alors qu\u2019il est possible de collaborer directement avec des fabricants du monde entier et de mutualiser leurs ressources ? En alliant expertise du secteur, transparence et sens du service, nous avons cr\u00e9\u00e9 une plateforme o\u00f9 valeur et diversit\u00e9 se rencontrent \u2013 ainsi est n\u00e9e notre aventure.<\/p><p data-start=\"2436\" data-end=\"2596\">Aujourd\u2019hui, nous sommes une \u00e9quipe en pleine croissance de plus de 20 chasseurs de produits, responsables logistiques et experts du service client, travaillant \u00e0 concr\u00e9tiser notre vision \u2014 un colis \u00e0 la fois.<\/p>\t\t\t\t\t\t\t\t<\/div>\n\t\t\t\t<\/div>\n\t\t\t\t<\/div>\n\t\t\t\t\t<\/div>\n\t\t\t\t<\/div>\n\t\t\t\t<\/div>","protected":false},"excerpt":{"rendered":"<p>About us Welcome to Adult Bicycles Online Store \u2013 Your Global Source for High-Performance, High-Value Products Founded in 2019, Adult Bicycles Online Store is a&#8230;<\/p>","protected":false},"author":1,"featured_media":0,"parent":0,"menu_order":0,"comment_status":"closed","ping_status":"closed","template":"","meta":{"footnotes":""},"class_list":["post-187","page","type-page","status-publish","hentry"],"_links":{"self":[{"href":"https:\/\/adultbicycle.com\/fr\/wp-json\/wp\/v2\/pages\/187","targetHints":{"allow":["GET"]}}],"collection":[{"href":"https:\/\/adultbicycle.com\/fr\/wp-json\/wp\/v2\/pages"}],"about":[{"href":"https:\/\/adultbicycle.com\/fr\/wp-json\/wp\/v2\/types\/page"}],"author":[{"embeddable":true,"href":"https:\/\/adultbicycle.com\/fr\/wp-json\/wp\/v2\/users\/1"}],"replies":[{"embeddable":true,"href":"https:\/\/adultbicycle.com\/fr\/wp-json\/wp\/v2\/comments?post=187"}],"version-history":[{"count":0,"href":"https:\/\/adultbicycle.com\/fr\/wp-json\/wp\/v2\/pages\/187\/revisions"}],"wp:attachment":[{"href":"https:\/\/adultbicycle.com\/fr\/wp-json\/wp\/v2\/media?parent=187"}],"curies":[{"name":"wp","href":"https:\/\/api.w.org\/{rel}","templated":true}]}}