{"id":550,"date":"2025-05-20T09:06:56","date_gmt":"2025-05-20T09:06:56","guid":{"rendered":"https:\/\/adultbicycle.com\/?post_type=product&#038;p=550"},"modified":"2025-05-27T10:00:18","modified_gmt":"2025-05-27T10:00:18","slug":"ylb-bike-water-bottle","status":"publish","type":"product","link":"https:\/\/adultbicycle.com\/fr\/product\/ylb-bike-water-bottle\/","title":{"rendered":"Bouteille d\u2019eau YLB pour v\u00e9lo"},"content":{"rendered":"<h2>Le compagnon ultime pour une hydratation optimale<\/h2>\n<p>D\u00e9couvrez l\u2019alliance parfaite du style et de la fonctionnalit\u00e9 avec notre gourde de v\u00e9lo premium. Con\u00e7ue pour les cyclistes passionn\u00e9s, cette gourde vous permet de rester hydrat\u00e9(e) \u00e0 chaque sortie. Avec une capacit\u00e9 g\u00e9n\u00e9reuse de 720\u202fml, vous pouvez rouler plus longtemps sans avoir \u00e0 la remplir constamment. Son design l\u00e9ger, ne pesant que 64\u202fg, en fait un accessoire id\u00e9al pour votre \u00e9quipement de cyclisme sans ajouter de volume inutile.<\/p>\n<h2>Mat\u00e9riaux durables et s\u00fbrs pour les aliments<\/h2>\n<p>Fabriqu\u00e9e en TPE, PP et silicone de haute qualit\u00e9, notre bouteille d\u2019eau pour v\u00e9lo est \u00e0 la fois durable et s\u00fbre pour un usage quotidien. Le mat\u00e9riau PP5 de qualit\u00e9 alimentaire garantit que vos boissons restent fra\u00eeches et sans contamination, tandis que la couleur inject\u00e9e apporte une touche vibrante \u00e0 votre v\u00e9lo. Que vous buviez de l\u2019eau, des boissons \u00e9nerg\u00e9tiques ou votre m\u00e9lange d\u2019hydratation pr\u00e9f\u00e9r\u00e9, vous pouvez profiter de votre boisson en toute confiance.<\/p>\n<h2>Conception conviviale<\/h2>\n<p>Nous comprenons l\u2019importance de la commodit\u00e9 pour les cyclistes. C\u2019est pourquoi notre bouteille d\u2019eau pour v\u00e9lo est \u00e9quip\u00e9e d\u2019un bec \u00e9tanche et d\u2019une forme concave unique, facilitant la prise en main pendant la conduite. Le bouchon anti-poussi\u00e8re amovible garantit la propret\u00e9, et le large goulot permet un nettoyage sans effort. De plus, avec une longueur standard de 75 cm, elle s\u2019adapte parfaitement \u00e0 la plupart des porte-bidons, maintenant votre compagnon d\u2019hydratation exactement l\u00e0 o\u00f9 vous en avez besoin.<\/p>","protected":false},"excerpt":{"rendered":"<p>Bouteille de v\u00e9lo YLB \u2013 grande capacit\u00e9 de 720\u202fml et l\u00e9g\u00e8re (64\u202fg). Avec embout herm\u00e9tique, poign\u00e9e ergonomique, en mat\u00e9riau TPE\/PP5. Convient aux cadres de v\u00e9lo jusqu\u2019\u00e0 75\u202fcm. Design facile \u00e0 nettoyer.<\/p>","protected":false},"featured_media":556,"comment_status":"open","ping_status":"closed","template":"","meta":[],"etheme_brands":[],"product_brand":[],"product_cat":[35],"product_tag":[],"class_list":{"0":"post-550","1":"product","2":"type-product","3":"status-publish","4":"has-post-thumbnail","6":"product_cat-cycling-gearbicycle-accessories","7":"pa_color-black","8":"pa_color-milky-white","9":"pa_color-white","10":"pa_color-yellow","12":"first","13":"instock","14":"taxable","15":"shipping-taxable","16":"purchasable","17":"product-type-variable"},"_links":{"self":[{"href":"https:\/\/adultbicycle.com\/fr\/wp-json\/wp\/v2\/product\/550","targetHints":{"allow":["GET"]}}],"collection":[{"href":"https:\/\/adultbicycle.com\/fr\/wp-json\/wp\/v2\/product"}],"about":[{"href":"https:\/\/adultbicycle.com\/fr\/wp-json\/wp\/v2\/types\/product"}],"replies":[{"embeddable":true,"href":"https:\/\/adultbicycle.com\/fr\/wp-json\/wp\/v2\/comments?post=550"}],"version-history":[{"count":0,"href":"https:\/\/adultbicycle.com\/fr\/wp-json\/wp\/v2\/product\/550\/revisions"}],"wp:featuredmedia":[{"embeddable":true,"href":"https:\/\/adultbicycle.com\/fr\/wp-json\/wp\/v2\/media\/556"}],"wp:attachment":[{"href":"https:\/\/adultbicycle.com\/fr\/wp-json\/wp\/v2\/media?parent=550"}],"wp:term":[{"taxonomy":"brand","embeddable":true,"href":"https:\/\/adultbicycle.com\/fr\/wp-json\/wp\/v2\/etheme_brands?post=550"},{"taxonomy":"product_brand","embeddable":true,"href":"https:\/\/adultbicycle.com\/fr\/wp-json\/wp\/v2\/product_brand?post=550"},{"taxonomy":"product_cat","embeddable":true,"href":"https:\/\/adultbicycle.com\/fr\/wp-json\/wp\/v2\/product_cat?post=550"},{"taxonomy":"product_tag","embeddable":true,"href":"https:\/\/adultbicycle.com\/fr\/wp-json\/wp\/v2\/product_tag?post=550"}],"curies":[{"name":"wp","href":"https:\/\/api.w.org\/{rel}","templated":true}]}}