{"id":581,"date":"2025-05-21T03:04:50","date_gmt":"2025-05-21T03:04:50","guid":{"rendered":"https:\/\/adultbicycle.com\/?post_type=product&#038;p=581"},"modified":"2025-08-26T13:13:19","modified_gmt":"2025-08-26T13:13:19","slug":"acrunu-intelligent-tire-high-pressure-pump","status":"publish","type":"product","link":"https:\/\/adultbicycle.com\/fr\/product\/acrunu-intelligent-tire-high-pressure-pump\/","title":{"rendered":"ACRUNU Pompe \u00e0 haute pression intelligente pour pneus"},"content":{"rendered":"<p class=\"ds-markdown-paragraph\"><strong>Pompe \u00e0 pneus haute pression intelligente ACRUNU : puissance pr\u00e9cise, \u00e0 tout moment, partout<\/strong><\/p>\n<p class=\"ds-markdown-paragraph\">Dites adieu aux grosses pompes et aux approximations ! Con\u00e7u pour les cyclistes et les motards, ce petit concentr\u00e9 de puissance (75x33x51 mm) d\u00e9livre une puissance nominale de 10 W et une plage de pression impressionnante de 3 \u00e0 125 PSI \u2013 id\u00e9al pour les v\u00e9los, motos, \u00e9quipements gonflables et plus encore.<\/p>\n<p class=\"ds-markdown-paragraph\"><strong>Ce qui le rend unique :<\/strong><\/p>\n<ul>\n<li>\n<p class=\"ds-markdown-paragraph\"><strong>Pr\u00e9cision de 0,5 bar<\/strong>L\u2019\u00e9cran LED assure la s\u00e9curit\u00e9 des pneus avec une pr\u00e9cision maximale.<\/p>\n<\/li>\n<li>\n<p class=\"ds-markdown-paragraph\"><strong>7A Turbo Boost<\/strong>: Gonfle deux fois plus vite que les pompes standard, m\u00eame en cas d\u2019urgence.<\/p>\n<\/li>\n<li>\n<p class=\"ds-markdown-paragraph\"><strong>Libert\u00e9 Type-C<\/strong>: Rechargez en 1,5\u202fh via n\u2019importe quel appareil USB-C (batterie 5000\u202fmAh).<\/p>\n<\/li>\n<li>\n<p class=\"ds-markdown-paragraph\"><strong>R\u00e9sistance professionnelle<\/strong>:Arr\u00eat automatique + moteur r\u00e9sistant \u00e0 la chaleur pour des ann\u00e9es de fiabilit\u00e9.<\/p>\n<\/li>\n<\/ul>\n<p class=\"ds-markdown-paragraph\">Glissez-le dans votre sac, prenez la route et ne craignez plus jamais une crevaison. Am\u00e9liorez votre exp\u00e9rience de conduite avec ACRRUNU \u2013 l\u2019innovation qui tient dans la paume de votre main.<\/p>","protected":false},"excerpt":{"rendered":"<p>ACRUNU Gonfleur Intelligent: Pompe haute pression portable avec affichage LED 0,5 bar, charge rapide Type-C, 3\u2013125 PSI pour v\u00e9los\/motos. Compacte, 10W de puissance, pr\u00eate en cas d\u2019urgence.<\/p>","protected":false},"featured_media":582,"comment_status":"open","ping_status":"closed","template":"","meta":[],"etheme_brands":[],"product_brand":[123],"product_cat":[35],"product_tag":[],"class_list":{"0":"post-581","1":"product","2":"type-product","3":"status-publish","4":"has-post-thumbnail","6":"product_brand-acrunu","7":"product_cat-cycling-gearbicycle-accessories","9":"first","10":"instock","11":"taxable","12":"shipping-taxable","13":"purchasable","14":"product-type-variable"},"_links":{"self":[{"href":"https:\/\/adultbicycle.com\/fr\/wp-json\/wp\/v2\/product\/581","targetHints":{"allow":["GET"]}}],"collection":[{"href":"https:\/\/adultbicycle.com\/fr\/wp-json\/wp\/v2\/product"}],"about":[{"href":"https:\/\/adultbicycle.com\/fr\/wp-json\/wp\/v2\/types\/product"}],"replies":[{"embeddable":true,"href":"https:\/\/adultbicycle.com\/fr\/wp-json\/wp\/v2\/comments?post=581"}],"version-history":[{"count":0,"href":"https:\/\/adultbicycle.com\/fr\/wp-json\/wp\/v2\/product\/581\/revisions"}],"wp:featuredmedia":[{"embeddable":true,"href":"https:\/\/adultbicycle.com\/fr\/wp-json\/wp\/v2\/media\/582"}],"wp:attachment":[{"href":"https:\/\/adultbicycle.com\/fr\/wp-json\/wp\/v2\/media?parent=581"}],"wp:term":[{"taxonomy":"brand","embeddable":true,"href":"https:\/\/adultbicycle.com\/fr\/wp-json\/wp\/v2\/etheme_brands?post=581"},{"taxonomy":"product_brand","embeddable":true,"href":"https:\/\/adultbicycle.com\/fr\/wp-json\/wp\/v2\/product_brand?post=581"},{"taxonomy":"product_cat","embeddable":true,"href":"https:\/\/adultbicycle.com\/fr\/wp-json\/wp\/v2\/product_cat?post=581"},{"taxonomy":"product_tag","embeddable":true,"href":"https:\/\/adultbicycle.com\/fr\/wp-json\/wp\/v2\/product_tag?post=581"}],"curies":[{"name":"wp","href":"https:\/\/api.w.org\/{rel}","templated":true}]}}