{"id":592,"date":"2025-05-21T07:18:50","date_gmt":"2025-05-21T07:18:50","guid":{"rendered":"https:\/\/adultbicycle.com\/?post_type=product&#038;p=592"},"modified":"2025-08-28T02:28:54","modified_gmt":"2025-08-28T02:28:54","slug":"bike-wall-mounts","status":"publish","type":"product","link":"https:\/\/adultbicycle.com\/fr\/product\/bike-wall-mounts\/","title":{"rendered":"Supports muraux pour v\u00e9los"},"content":{"rendered":"<h2>Transformez votre espace avec des supports muraux pour v\u00e9lo<\/h2>\n<p>Si vous \u00eates passionn\u00e9 de v\u00e9lo, vous savez combien il est important de disposer d\u2019un espace d\u00e9di\u00e9 pour votre v\u00e9lo et votre \u00e9quipement. Nos supports muraux pour v\u00e9los ne sont pas un simple accessoire ; ils sont un \u00e9l\u00e9ment essentiel con\u00e7u pour vous offrir commodit\u00e9 et organisation. Pesant 4 kg et tr\u00e8s robustes, ces supports assurent que votre v\u00e9lo est solidement maintenu, vous permettant de lib\u00e9rer de l\u2019espace au sol et de garder votre environnement ordonn\u00e9.<\/p>\n<h2>Design durable, con\u00e7u pour durer<\/h2>\n<p>Fabriqu\u00e9s en acier au carbone de haute qualit\u00e9, nos supports muraux pour v\u00e9los offrent une solidit\u00e9 et une stabilit\u00e9 in\u00e9gal\u00e9es. Contrairement \u00e0 d\u2019autres supports muraux qui peuvent compromettre la qualit\u00e9, les n\u00f4tres sont con\u00e7us pour r\u00e9sister \u00e0 l\u2019\u00e9preuve du temps. Les vis en acier inoxydable renforcent encore la durabilit\u00e9, garantissant que votre v\u00e9lo reste s\u00fbr et stable, que ce soit pour quelques semaines ou plusieurs saisons de cyclisme. Les mat\u00e9riaux robustes promettent une longue dur\u00e9e de vie, en faisant un ajout pr\u00e9cieux pour tout passionn\u00e9 de v\u00e9lo.<\/p>\n<h2>Installation facile et solution gain de place<\/h2>\n<p>Dites adieu au d\u00e9sordre et aux installations compliqu\u00e9es. Nos supports muraux pour v\u00e9los sont con\u00e7us pour une installation facile et sont fournis avec un guide qui vous permet de les monter sans effort. Ils sont \u00e9quip\u00e9s de nouvelles protections \u00e9paisses qui offrent non seulement une meilleure adh\u00e9rence, mais prot\u00e8gent \u00e9galement le cadre de votre v\u00e9lo contre les rayures ou les dommages. Cette fonctionnalit\u00e9 r\u00e9fl\u00e9chie vous permet de suspendre votre v\u00e9lo en toute confiance, tout en sachant qu\u2019il est bien prot\u00e9g\u00e9. De plus, le design va au-del\u00e0 du simple rangement de v\u00e9los : vous pouvez \u00e9galement y accrocher les casques, lunettes, chaussures de verrouillage et v\u00eatements de cyclisme de la chambre d\u2019amis, cr\u00e9ant ainsi une solution de rangement tout-en-un pour que tout soit \u00e0 sa place. D\u00e9couvrez la beaut\u00e9 d\u2019un espace organis\u00e9 avec nos supports innovants qui \u00e9conomisent de l\u2019espace sans sacrifier le style !<\/p>","protected":false},"excerpt":{"rendered":"<p>Les supports muraux pour v\u00e9los robustes \u00e9conomisent de l\u2019espace gr\u00e2ce \u00e0 leur structure en acier carbone. Ils maintiennent v\u00e9los et \u00e9quipements en toute s\u00e9curit\u00e9, \u00e9vitent les rayures et organisent casques et chaussures. Support v\u00e9lo solide, facile \u00e0 installer !<\/p>","protected":false},"featured_media":595,"comment_status":"open","ping_status":"closed","template":"","meta":[],"etheme_brands":[],"product_brand":[],"product_cat":[35],"product_tag":[],"class_list":{"0":"post-592","1":"product","2":"type-product","3":"status-publish","4":"has-post-thumbnail","6":"product_cat-cycling-gearbicycle-accessories","7":"pa_color-black","8":"pa_color-white","10":"first","11":"instock","12":"taxable","13":"shipping-taxable","14":"purchasable","15":"product-type-variable"},"_links":{"self":[{"href":"https:\/\/adultbicycle.com\/fr\/wp-json\/wp\/v2\/product\/592","targetHints":{"allow":["GET"]}}],"collection":[{"href":"https:\/\/adultbicycle.com\/fr\/wp-json\/wp\/v2\/product"}],"about":[{"href":"https:\/\/adultbicycle.com\/fr\/wp-json\/wp\/v2\/types\/product"}],"replies":[{"embeddable":true,"href":"https:\/\/adultbicycle.com\/fr\/wp-json\/wp\/v2\/comments?post=592"}],"version-history":[{"count":0,"href":"https:\/\/adultbicycle.com\/fr\/wp-json\/wp\/v2\/product\/592\/revisions"}],"wp:featuredmedia":[{"embeddable":true,"href":"https:\/\/adultbicycle.com\/fr\/wp-json\/wp\/v2\/media\/595"}],"wp:attachment":[{"href":"https:\/\/adultbicycle.com\/fr\/wp-json\/wp\/v2\/media?parent=592"}],"wp:term":[{"taxonomy":"brand","embeddable":true,"href":"https:\/\/adultbicycle.com\/fr\/wp-json\/wp\/v2\/etheme_brands?post=592"},{"taxonomy":"product_brand","embeddable":true,"href":"https:\/\/adultbicycle.com\/fr\/wp-json\/wp\/v2\/product_brand?post=592"},{"taxonomy":"product_cat","embeddable":true,"href":"https:\/\/adultbicycle.com\/fr\/wp-json\/wp\/v2\/product_cat?post=592"},{"taxonomy":"product_tag","embeddable":true,"href":"https:\/\/adultbicycle.com\/fr\/wp-json\/wp\/v2\/product_tag?post=592"}],"curies":[{"name":"wp","href":"https:\/\/api.w.org\/{rel}","templated":true}]}}