{"id":602,"date":"2025-05-21T13:14:49","date_gmt":"2025-05-21T13:14:49","guid":{"rendered":"https:\/\/adultbicycle.com\/?post_type=product&#038;p=602"},"modified":"2025-05-27T09:59:57","modified_gmt":"2025-05-27T09:59:57","slug":"bike-top-tube-bag","status":"publish","type":"product","link":"https:\/\/adultbicycle.com\/fr\/product\/bike-top-tube-bag\/","title":{"rendered":"Sac de cadre sup\u00e9rieur pour v\u00e9lo"},"content":{"rendered":"<h2>Optimisez votre exp\u00e9rience de conduite<\/h2>\n<p>D\u00e9couvrez la sacoche de cadre sup\u00e9rieur, un accessoire indispensable pour les cyclistes exigeants qui recherchent \u00e0 la fois fonctionnalit\u00e9 et style. Con\u00e7ue en mat\u00e9riau composite 600DTPU r\u00e9sistant, cette sacoche offre une solution id\u00e9ale pour ranger vos essentiels en toute s\u00e9curit\u00e9 lors de vos sorties. Dites adieu aux volumes encombrants et profitez d\u2019une exp\u00e9rience fluide qui n\u2019interrompt pas votre trajet. Avec sa capacit\u00e9 de charge impressionnante et ses qualit\u00e9s imperm\u00e9ables, vous pouvez rouler l\u2019esprit tranquille, quelles que soient les conditions.<\/p>\n<h2>Des fonctionnalit\u00e9s innovantes pour chaque cycliste<\/h2>\n<p>Des fonctionnalit\u00e9s innovantes pour chaque cycliste<\/p>\n<h2>Con\u00e7u pour la performance et le confort<\/h2>\n<p>Ce sac de cadre professionnel au design a\u00e9rodynamique r\u00e9duit consid\u00e9rablement la r\u00e9sistance au vent et am\u00e9liore vos performances \u00e0 v\u00e9lo. Sa fermeture \u00e9clair pratique permet un acc\u00e8s rapide \u00e0 vos affaires, sans vous ralentir. En plus de sa grande capacit\u00e9 de charge, ce sac offre une excellente r\u00e9sistance aux chocs et une absorption optimale des vibrations, ce qui en fait un compagnon fiable m\u00eame pour les sorties les plus exigeantes. Profitez d\u00e8s aujourd\u2019hui des avantages pratiques de la sacoche de tube sup\u00e9rieur et \u00e9levez vos aventures cyclistes \u00e0 un autre niveau !<\/p>","protected":false},"excerpt":{"rendered":"<p>Am\u00e9liorez vos sorties avec la sacoche de cadre sup\u00e9rieure : tissu imperm\u00e9able 600DTPU, design l\u00e9ger de 135 g et fixation par vis\/sangles pour un rangement a\u00e9rodynamique et s\u00e9curis\u00e9. Transportez vos essentiels sans encombre, r\u00e9duisez la r\u00e9sistance au vent et affrontez les trajets les plus exigeants. Id\u00e9al pour les cyclistes sur route recherchant performance et praticit\u00e9.<\/p>","protected":false},"featured_media":607,"comment_status":"open","ping_status":"closed","template":"","meta":[],"etheme_brands":[],"product_brand":[],"product_cat":[35],"product_tag":[],"class_list":{"0":"post-602","1":"product","2":"type-product","3":"status-publish","4":"has-post-thumbnail","6":"product_cat-cycling-gearbicycle-accessories","7":"pa_color-black","8":"pa_color-orange","10":"first","11":"instock","12":"taxable","13":"shipping-taxable","14":"purchasable","15":"product-type-variable"},"_links":{"self":[{"href":"https:\/\/adultbicycle.com\/fr\/wp-json\/wp\/v2\/product\/602","targetHints":{"allow":["GET"]}}],"collection":[{"href":"https:\/\/adultbicycle.com\/fr\/wp-json\/wp\/v2\/product"}],"about":[{"href":"https:\/\/adultbicycle.com\/fr\/wp-json\/wp\/v2\/types\/product"}],"replies":[{"embeddable":true,"href":"https:\/\/adultbicycle.com\/fr\/wp-json\/wp\/v2\/comments?post=602"}],"version-history":[{"count":0,"href":"https:\/\/adultbicycle.com\/fr\/wp-json\/wp\/v2\/product\/602\/revisions"}],"wp:featuredmedia":[{"embeddable":true,"href":"https:\/\/adultbicycle.com\/fr\/wp-json\/wp\/v2\/media\/607"}],"wp:attachment":[{"href":"https:\/\/adultbicycle.com\/fr\/wp-json\/wp\/v2\/media?parent=602"}],"wp:term":[{"taxonomy":"brand","embeddable":true,"href":"https:\/\/adultbicycle.com\/fr\/wp-json\/wp\/v2\/etheme_brands?post=602"},{"taxonomy":"product_brand","embeddable":true,"href":"https:\/\/adultbicycle.com\/fr\/wp-json\/wp\/v2\/product_brand?post=602"},{"taxonomy":"product_cat","embeddable":true,"href":"https:\/\/adultbicycle.com\/fr\/wp-json\/wp\/v2\/product_cat?post=602"},{"taxonomy":"product_tag","embeddable":true,"href":"https:\/\/adultbicycle.com\/fr\/wp-json\/wp\/v2\/product_tag?post=602"}],"curies":[{"name":"wp","href":"https:\/\/api.w.org\/{rel}","templated":true}]}}